{"id":1018,"date":"2026-04-18T10:58:41","date_gmt":"2026-04-18T06:58:41","guid":{"rendered":"https:\/\/www.azculture.az\/?page_id=1018"},"modified":"2026-04-21T23:51:37","modified_gmt":"2026-04-21T19:51:37","slug":"cinema","status":"publish","type":"page","link":"https:\/\/www.azculture.az\/index.php\/cinema\/","title":{"rendered":"Kino"},"content":{"rendered":"<h4>Az\u0259rbaycan Kinosu<\/h4>\n<p>Az\u0259rbaycan kinosu milli m\u0259d\u0259niyy\u0259timizin \u0259n m\u00fch\u00fcm sah\u0259l\u0259rind\u0259n biri olmaqla yana\u015f\u0131, xalq\u0131m\u0131z\u0131n tarixini, h\u0259yat t\u0259rzini v\u0259 m\u0259d\u0259ni inki\u015faf\u0131n\u0131 \u0259ks etdir\u0259n g\u00fccl\u00fc bir s\u0259n\u0259t formas\u0131d\u0131r. Bu s\u0259n\u0259t n\u00f6v\u00fc XIX \u0259srin sonlar\u0131nda yaranaraq bu g\u00fcn\u0259 q\u0259d\u0259r b\u00f6y\u00fck inki\u015faf yolu ke\u00e7mi\u015fdir. Az\u0259rbaycan kinosu h\u0259m s\u0259n\u0259dli, h\u0259m d\u0259 b\u0259dii filml\u0259rl\u0259 milli yadda\u015f\u0131n qorunmas\u0131nda m\u00fch\u00fcm rol oynay\u0131r.<\/p>\n<h5>Az\u0259rbaycan kinosunun yaranmas\u0131<\/h5>\n<p>Az\u0259rbaycan kino s\u0259n\u0259tinin tarixi 1898-ci il\u0259 gedib \u00e7\u0131x\u0131r. H\u0259min d\u00f6vrd\u0259 Bak\u0131 \u015f\u0259h\u0259rind\u0259 ilk q\u0131sametrajl\u0131 filml\u0259r \u00e7\u0259kilmi\u015fdir. Bu filml\u0259r \u0259sas\u0259n neft s\u0259nayesi v\u0259 \u015f\u0259h\u0259r h\u0259yat\u0131 il\u0259 ba\u011fl\u0131 s\u0259hn\u0259l\u0259ri \u0259ks etdirirdi. \u0130lk kino n\u00fcmun\u0259l\u0259ri s\u0259n\u0259dli xarakter da\u015f\u0131y\u0131rd\u0131 v\u0259 texniki bax\u0131mdan sad\u0259 olsa da, b\u00f6y\u00fck tarixi \u0259h\u0259miyy\u0259t\u0259 malik idi.<\/p>\n<p>XX \u0259srin \u0259vv\u0259ll\u0259rind\u0259 Az\u0259rbaycanda kino s\u0259nayesi daha da inki\u015faf etm\u0259y\u0259 ba\u015flad\u0131. 1923-c\u00fc ild\u0259 d\u00f6vl\u0259t kino strukturlar\u0131n\u0131n yarad\u0131lmas\u0131 il\u0259 milli kino istehsal\u0131 sistemli \u015f\u0259kild\u0259 formala\u015fd\u0131. Bu d\u00f6vr Az\u0259rbaycan kinosunun pe\u015f\u0259kar inki\u015faf m\u0259rh\u0259l\u0259sinin ba\u015flan\u011f\u0131c\u0131 hesab olunur.<\/p>\n<h5>\u0130lk b\u0259dii filml\u0259r v\u0259 inki\u015faf m\u0259rh\u0259l\u0259si<\/h5>\n<div id=\"attachment_1214\" style=\"width: 310px\" class=\"wp-caption alignleft\"><img loading=\"lazy\" decoding=\"async\" aria-describedby=\"caption-attachment-1214\" class=\"size-medium wp-image-1214\" src=\"https:\/\/www.azculture.az\/wp-content\/uploads\/2026\/04\/Arsin_Mal_Alan_1945-300x266.jpg\" alt=\"Ar\u015f\u0131n Mal Alan (1945)\" width=\"300\" height=\"266\" srcset=\"https:\/\/www.azculture.az\/wp-content\/uploads\/2026\/04\/Arsin_Mal_Alan_1945-300x266.jpg 300w, https:\/\/www.azculture.az\/wp-content\/uploads\/2026\/04\/Arsin_Mal_Alan_1945-768x682.jpg 768w, https:\/\/www.azculture.az\/wp-content\/uploads\/2026\/04\/Arsin_Mal_Alan_1945-810x719.jpg 810w, https:\/\/www.azculture.az\/wp-content\/uploads\/2026\/04\/Arsin_Mal_Alan_1945.jpg 907w\" sizes=\"auto, (max-width: 300px) 100vw, 300px\" \/><p id=\"caption-attachment-1214\" class=\"wp-caption-text\">Ar\u015f\u0131n Mal Alan (1945)<\/p><\/div>\n<p>Az\u0259rbaycan\u0131n ilk b\u0259dii filml\u0259ri s\u0259ssiz kino d\u00f6vr\u00fcn\u0259 aiddir. Bu filml\u0259rd\u0259 \u0259sas\u0259n sosial m\u00f6vzular, xalq h\u0259yat\u0131n\u0131n t\u0259sviri v\u0259 tarixi hadis\u0259l\u0259r \u0259ks olunurdu. \u201cAr\u015f\u0131n mal alan\u201d kimi \u0259s\u0259rl\u0259r Az\u0259rbaycan kinosunun klassik n\u00fcmun\u0259l\u0259rind\u0259n biri hesab olunur v\u0259 d\u00fcnya miqyas\u0131nda da tan\u0131nm\u0131\u015fd\u0131r.<\/p>\n<p>Sovet d\u00f6vr\u00fcnd\u0259 Az\u0259rbaycan kinosu daha geni\u015f imkanlar \u0259ld\u0259 etmi\u015f, m\u00fcxt\u0259lif janrlarda filml\u0259r istehsal olunmu\u015fdur. Bu d\u00f6vrd\u0259 h\u0259m b\u0259dii, h\u0259m d\u0259 s\u0259n\u0259dli filml\u0259r y\u00fcks\u0259k s\u0259viyy\u0259d\u0259 inki\u015faf etmi\u015fdir. Kino vasit\u0259sil\u0259 c\u0259miyy\u0259tin sosial h\u0259yat\u0131, \u0259m\u0259k insan\u0131 v\u0259 tarixi prosesl\u0259r geni\u015f \u015f\u0259kild\u0259 \u0259ks etdirilmi\u015fdir.<\/p>\n<p>&nbsp;<\/p>\n<h5>Az\u0259rbaycan kinosunun tematikas\u0131<\/h5>\n<div id=\"attachment_1215\" style=\"width: 310px\" class=\"wp-caption alignright\"><img loading=\"lazy\" decoding=\"async\" aria-describedby=\"caption-attachment-1215\" class=\"size-medium wp-image-1215\" src=\"https:\/\/www.azculture.az\/wp-content\/uploads\/2026\/04\/ogey-ana-300x169.jpg\" alt=\"\u00d6gey ana, 1958-ci il \" width=\"300\" height=\"169\" srcset=\"https:\/\/www.azculture.az\/wp-content\/uploads\/2026\/04\/ogey-ana-300x169.jpg 300w, https:\/\/www.azculture.az\/wp-content\/uploads\/2026\/04\/ogey-ana-1024x576.jpg 1024w, https:\/\/www.azculture.az\/wp-content\/uploads\/2026\/04\/ogey-ana-768x432.jpg 768w, https:\/\/www.azculture.az\/wp-content\/uploads\/2026\/04\/ogey-ana-1536x864.jpg 1536w, https:\/\/www.azculture.az\/wp-content\/uploads\/2026\/04\/ogey-ana-810x456.jpg 810w, https:\/\/www.azculture.az\/wp-content\/uploads\/2026\/04\/ogey-ana-1140x641.jpg 1140w, https:\/\/www.azculture.az\/wp-content\/uploads\/2026\/04\/ogey-ana.jpg 1920w\" sizes=\"auto, (max-width: 300px) 100vw, 300px\" \/><p id=\"caption-attachment-1215\" class=\"wp-caption-text\">\u00d6gey ana, 1958-ci il<\/p><\/div>\n<p>Az\u0259rbaycan kinosunun \u0259sas m\u00f6vzular\u0131 milli tarix, m\u0259d\u0259niyy\u0259t, ail\u0259 d\u0259y\u0259rl\u0259ri v\u0259 sosial h\u0259yatd\u0131r. Filml\u0259rd\u0259 xalq\u0131n g\u00fcnd\u0259lik h\u0259yat\u0131, m\u00fcbariz\u0259si v\u0259 m\u0259n\u0259vi d\u00fcnyas\u0131 geni\u015f \u015f\u0259kild\u0259 t\u0259qdim olunur.<\/p>\n<p>Eyni zamanda tarixi m\u00f6vzular da Az\u0259rbaycan kinosunda m\u00fch\u00fcm yer tutur. Q\u0259dim d\u00f6vrl\u0259r, milli q\u0259hr\u0259manlar v\u0259 tarixi hadis\u0259l\u0259r ekran \u0259s\u0259rl\u0259rind\u0259 x\u00fcsusi diqq\u0259tl\u0259 i\u015fl\u0259nir. Bu is\u0259 milli yadda\u015f\u0131n qorunmas\u0131na xidm\u0259t edir.<\/p>\n<h5>M\u00fcst\u0259qillik d\u00f6vr\u00fc v\u0259 yeni kino<\/h5>\n<p>Az\u0259rbaycan m\u00fcst\u0259qillik \u0259ld\u0259 etdikd\u0259n sonra kino s\u0259n\u0259ti yeni inki\u015faf m\u0259rh\u0259l\u0259sin\u0259 q\u0259d\u0259m qoymu\u015fdur. Yeni texnologiyalar, beyn\u0259lxalq \u0259m\u0259kda\u015fl\u0131qlar v\u0259 m\u00fcasir rejissura \u00fcslublar\u0131 Az\u0259rbaycan kinosuna yeni n\u0259f\u0259s vermi\u015fdir.<\/p>\n<p>Bu d\u00f6vrd\u0259 \u00e7\u0259kil\u0259n filml\u0259r daha \u00e7ox sosial probleml\u0259r, insan psixologiyas\u0131 v\u0259 m\u00fcasir h\u0259yat t\u0259rzi m\u00f6vzular\u0131na y\u00f6n\u0259lmi\u015fdir. Eyni zamanda festival filml\u0259ri v\u0259 beyn\u0259lxalq layih\u0259l\u0259rd\u0259 Az\u0259rbaycan kinosu daha geni\u015f tan\u0131nma\u011fa ba\u015flam\u0131\u015fd\u0131r.<\/p>\n<h5>S\u0259n\u0259dli kino v\u0259 m\u0259d\u0259ni irs<\/h5>\n<p>Az\u0259rbaycan kinosunda s\u0259n\u0259dli filml\u0259r x\u00fcsusi yer tutur. Bu filml\u0259r \u00f6lk\u0259nin tarixi, t\u0259bi\u0259ti, m\u0259d\u0259niyy\u0259ti v\u0259 sosial h\u0259yat\u0131n\u0131 \u0259ks etdirir. S\u0259n\u0259dli kino vasit\u0259sil\u0259 g\u0259l\u0259c\u0259k n\u0259sill\u0259r\u0259 m\u00fch\u00fcm tarixi m\u0259lumatlar \u00f6t\u00fcr\u00fcl\u00fcr.<\/p>\n<p>S\u0259n\u0259dli filml\u0259r h\u0259m d\u0259 maarifl\u0259ndirici rol oynay\u0131r v\u0259 c\u0259miyy\u0259tin inki\u015faf\u0131nda m\u00fch\u00fcm \u0259h\u0259miyy\u0259t da\u015f\u0131y\u0131r.<\/p>\n<h5>Kino s\u0259nayesinin inki\u015faf\u0131<\/h5>\n<p>M\u00fcasir d\u00f6vrd\u0259 Az\u0259rbaycan kino s\u0259nayesi d\u00f6vl\u0259t d\u0259st\u0259yi v\u0259 beyn\u0259lxalq \u0259m\u0259kda\u015fl\u0131q n\u0259tic\u0259sind\u0259 inki\u015faf etm\u0259kd\u0259dir. Kino agentlikl\u0259ri, studiyalar v\u0259 festivallar bu sah\u0259nin inki\u015faf\u0131na b\u00f6y\u00fck t\u00f6hf\u0259 verir.<\/p>\n<p>R\u0259q\u0259msal texnologiyalar\u0131n t\u0259tbiqi film istehsal\u0131n\u0131 daha keyfiyy\u0259tli v\u0259 geni\u015f imkanl\u0131 etmi\u015fdir. Eyni zamanda Az\u0259rbaycan filml\u0259ri m\u00fcxt\u0259lif beyn\u0259lxalq festivallarda n\u00fcmayi\u015f olunur v\u0259 m\u00fckafatlar qazan\u0131r.<\/p>\n<h5>Az\u0259rbaycan kinosunun m\u0259d\u0259ni rolu<\/h5>\n<p>Az\u0259rbaycan kinosu yaln\u0131z \u0259yl\u0259nc\u0259 vasit\u0259si deyil, h\u0259m d\u0259 m\u0259d\u0259niyy\u0259tin v\u0259 milli kimliyin da\u015f\u0131y\u0131c\u0131s\u0131d\u0131r. Filml\u0259r vasit\u0259sil\u0259 xalq\u0131n tarixi, ad\u0259t-\u0259n\u0259n\u0259l\u0259ri v\u0259 m\u0259n\u0259vi d\u0259y\u0259rl\u0259ri g\u0259l\u0259c\u0259k n\u0259sill\u0259r\u0259 \u00f6t\u00fcr\u00fcl\u00fcr.<\/p>\n<p>Kino h\u0259m d\u0259 c\u0259miyy\u0259tin g\u00fczg\u00fcs\u00fcd\u00fcr. O, sosial probleml\u0259ri i\u015f\u0131qland\u0131r\u0131r, insanlar\u0131 d\u00fc\u015f\u00fcnd\u00fcr\u00fcr v\u0259 m\u0259d\u0259ni inki\u015faf\u0131 t\u0259\u015fviq edir.<\/p>\n<p>Az\u0259rbaycan kinosu z\u0259ngin tarix\u0259 v\u0259 b\u00f6y\u00fck m\u0259d\u0259ni \u0259h\u0259miyy\u0259t\u0259 malik bir s\u0259n\u0259t sah\u0259sidir. O, ke\u00e7mi\u015fl\u0259 bu g\u00fcn\u00fc birl\u0259\u015fdir\u0259r\u0259k milli m\u0259d\u0259niyy\u0259tin qorunmas\u0131nda v\u0259 d\u00fcnyaya tan\u0131d\u0131lmas\u0131nda m\u00fch\u00fcm rol oynay\u0131r.<\/p>\n<p>Bu g\u00fcn Az\u0259rbaycan kinosu inki\u015faf etm\u0259kd\u0259 davam edir v\u0259 yeni n\u0259sil rejissorlar, aktyorlar v\u0259 prod\u00fcserl\u0259r bu \u0259n\u0259n\u0259ni daha da z\u0259nginl\u0259\u015fdirirl\u0259r. Kino s\u0259n\u0259tinin g\u0259l\u0259c\u0259yi is\u0259 milli irsin qorunmas\u0131 v\u0259 m\u00fcasir texnologiyalarla sintezind\u0259n as\u0131l\u0131d\u0131r.<\/p>\n","protected":false},"excerpt":{"rendered":"<p>Az\u0259rbaycan Kinosu Az\u0259rbaycan kinosu milli m\u0259d\u0259niyy\u0259timizin \u0259n m\u00fch\u00fcm sah\u0259l\u0259rind\u0259n biri olmaqla yana\u015f\u0131, xalq\u0131m\u0131z\u0131n tarixini, h\u0259yat t\u0259rzini v\u0259 m\u0259d\u0259ni inki\u015faf\u0131n\u0131 \u0259ks etdir\u0259n g\u00fccl\u00fc bir s\u0259n\u0259t formas\u0131d\u0131r. Bu s\u0259n\u0259t n\u00f6v\u00fc XIX \u0259srin sonlar\u0131nda yaranaraq bu g\u00fcn\u0259 q\u0259d\u0259r b\u00f6y\u00fck inki\u015faf yolu ke\u00e7mi\u015fdir. Az\u0259rbaycan kinosu h\u0259m s\u0259n\u0259dli, h\u0259m d\u0259 b\u0259dii filml\u0259rl\u0259 milli yadda\u015f\u0131n qorunmas\u0131nda m\u00fch\u00fcm rol oynay\u0131r. Az\u0259rbaycan kinosunun [&hellip;]<\/p>\n","protected":false},"author":1,"featured_media":0,"parent":0,"menu_order":0,"comment_status":"closed","ping_status":"closed","template":"template-no-title.php","meta":{"footnotes":""},"class_list":["post-1018","page","type-page","status-publish","hentry"],"_links":{"self":[{"href":"https:\/\/www.azculture.az\/index.php\/wp-json\/wp\/v2\/pages\/1018","targetHints":{"allow":["GET"]}}],"collection":[{"href":"https:\/\/www.azculture.az\/index.php\/wp-json\/wp\/v2\/pages"}],"about":[{"href":"https:\/\/www.azculture.az\/index.php\/wp-json\/wp\/v2\/types\/page"}],"author":[{"embeddable":true,"href":"https:\/\/www.azculture.az\/index.php\/wp-json\/wp\/v2\/users\/1"}],"replies":[{"embeddable":true,"href":"https:\/\/www.azculture.az\/index.php\/wp-json\/wp\/v2\/comments?post=1018"}],"version-history":[{"count":4,"href":"https:\/\/www.azculture.az\/index.php\/wp-json\/wp\/v2\/pages\/1018\/revisions"}],"predecessor-version":[{"id":1216,"href":"https:\/\/www.azculture.az\/index.php\/wp-json\/wp\/v2\/pages\/1018\/revisions\/1216"}],"wp:attachment":[{"href":"https:\/\/www.azculture.az\/index.php\/wp-json\/wp\/v2\/media?parent=1018"}],"curies":[{"name":"wp","href":"https:\/\/api.w.org\/{rel}","templated":true}]}}