{"id":1032,"date":"2026-04-18T11:05:47","date_gmt":"2026-04-18T07:05:47","guid":{"rendered":"https:\/\/www.azculture.az\/?page_id=1032"},"modified":"2026-04-22T00:45:05","modified_gmt":"2026-04-21T20:45:05","slug":"modern-music","status":"publish","type":"page","link":"https:\/\/www.azculture.az\/index.php\/modern-music\/","title":{"rendered":"M\u00fcasir musiqi"},"content":{"rendered":"<h4>M\u00fcasir musiqi<\/h4>\n<p>Az\u0259rbaycan m\u00fcasir musiqisi z\u0259ngin milli \u0259n\u0259n\u0259l\u0259rl\u0259 qlobal musiqi ax\u0131nlar\u0131n\u0131n sintezind\u0259n formala\u015fan dinamik v\u0259 \u00e7ox\u015fax\u0259li bir sah\u0259dir. Bu musiqi h\u0259m klassik irsd\u0259n, h\u0259m d\u0259 xalq yarad\u0131c\u0131l\u0131\u011f\u0131ndan qidalanaraq yeni janrlar, \u00fcslublar v\u0259 ifa formalar\u0131 yarad\u0131r. M\u00fcasir Az\u0259rbaycan musiqisi bu g\u00fcn h\u0259m \u00f6lk\u0259 daxilind\u0259, h\u0259m d\u0259 beyn\u0259lxalq s\u0259hn\u0259d\u0259 \u00f6z\u00fcn\u0259m\u0259xsus yer tutmaqdad\u0131r.<\/p>\n<h5>M\u00fcasir musiqinin formala\u015fmas\u0131<\/h5>\n<div id=\"attachment_1234\" style=\"width: 310px\" class=\"wp-caption alignright\"><img loading=\"lazy\" decoding=\"async\" aria-describedby=\"caption-attachment-1234\" class=\"size-medium wp-image-1234\" src=\"https:\/\/www.azculture.az\/wp-content\/uploads\/2026\/04\/resid-behbudov-300x193.jpg\" alt=\"R\u0259\u015fid Behbudov\" width=\"300\" height=\"193\" srcset=\"https:\/\/www.azculture.az\/wp-content\/uploads\/2026\/04\/resid-behbudov-300x193.jpg 300w, https:\/\/www.azculture.az\/wp-content\/uploads\/2026\/04\/resid-behbudov-768x494.jpg 768w, https:\/\/www.azculture.az\/wp-content\/uploads\/2026\/04\/resid-behbudov-810x521.jpg 810w, https:\/\/www.azculture.az\/wp-content\/uploads\/2026\/04\/resid-behbudov.jpg 1000w\" sizes=\"auto, (max-width: 300px) 100vw, 300px\" \/><p id=\"caption-attachment-1234\" class=\"wp-caption-text\">R\u0259\u015fid Behbudov<\/p><\/div>\n<p>XX \u0259srin ikinci yar\u0131s\u0131ndan etibar\u0259n Az\u0259rbaycanda musiqi sah\u0259sind\u0259 ciddi d\u0259yi\u015fiklikl\u0259r ba\u015f vermi\u015fdir. Klassik v\u0259 xalq musiqisi il\u0259 yana\u015f\u0131, estrada, pop, caz v\u0259 rok kimi janrlar da inki\u015faf etm\u0259y\u0259 ba\u015flam\u0131\u015fd\u0131r. Bu d\u00f6vrd\u0259 musiqi art\u0131q yaln\u0131z \u0259n\u0259n\u0259vi \u00e7\u0259r\u00e7iv\u0259d\u0259 deyil, daha geni\u015f v\u0259 m\u00fcasir ifad\u0259 formalar\u0131nda t\u0259qdim olunma\u011fa ba\u015flam\u0131\u015fd\u0131r.<\/p>\n<p>Az\u0259rbaycan musiqi m\u0259kt\u0259bi klassik irsi qoruyaraq onu m\u00fcasir texnologiyalar v\u0259 yeni musiqi yana\u015fmalar\u0131 il\u0259 birl\u0259\u015fdirmi\u015fdir. Bu is\u0259 milli musiqinin daha geni\u015f auditoriyaya \u00e7\u0131xmas\u0131na imkan yaratm\u0131\u015fd\u0131r.<\/p>\n<h5>Estrada v\u0259 pop musiqi<\/h5>\n<p>Az\u0259rbaycan m\u00fcasir musiqisinin \u0259n geni\u015f yay\u0131lm\u0131\u015f sah\u0259l\u0259rind\u0259n biri estrada v\u0259 pop musiqidir. Bu janrda f\u0259aliyy\u0259t g\u00f6st\u0259r\u0259n ifa\u00e7\u0131lar geni\u015f auditoriya t\u0259r\u0259find\u0259n sevilir v\u0259 \u00f6lk\u0259nin musiqi h\u0259yat\u0131nda m\u00fch\u00fcm rol oynay\u0131rlar.<\/p>\n<p>M\u00fcasir estrada musiqisi h\u0259m milli motivl\u0259rd\u0259n, h\u0259m d\u0259 beyn\u0259lxalq pop musiqi trendl\u0259rind\u0259n t\u0259sirl\u0259nir. Bu sintez n\u0259tic\u0259sind\u0259 yeni v\u0259 dinamik musiqi \u00fcslublar\u0131 yaranm\u0131\u015fd\u0131r.<\/p>\n<h5>Caz musiqisinin inki\u015faf\u0131<\/h5>\n<div id=\"attachment_1232\" style=\"width: 310px\" class=\"wp-caption alignleft\"><img loading=\"lazy\" decoding=\"async\" aria-describedby=\"caption-attachment-1232\" class=\"size-medium wp-image-1232\" src=\"https:\/\/www.azculture.az\/wp-content\/uploads\/2026\/04\/mustafazade-300x193.jpg\" alt=\"Vaqif Mustafazad\u0259\" width=\"300\" height=\"193\" srcset=\"https:\/\/www.azculture.az\/wp-content\/uploads\/2026\/04\/mustafazade-300x193.jpg 300w, https:\/\/www.azculture.az\/wp-content\/uploads\/2026\/04\/mustafazade.jpg 512w\" sizes=\"auto, (max-width: 300px) 100vw, 300px\" \/><p id=\"caption-attachment-1232\" class=\"wp-caption-text\">Vaqif Mustafazad\u0259<\/p><\/div>\n<p>Az\u0259rbaycan caz musiqisi d\u00fcnyada \u00f6z\u00fcn\u0259m\u0259xsus \u00fcslubu il\u0259 tan\u0131n\u0131r. Bu sah\u0259nin inki\u015faf\u0131nda Vaqif Mustafazad\u0259 x\u00fcsusi rol oynam\u0131\u015fd\u0131r. O, mu\u011fam v\u0259 caz\u0131 birl\u0259\u015fdir\u0259r\u0259k \u201cmu\u011fam-caz\u201d adl\u0131 unikal bir \u00fcslub yaratm\u0131\u015fd\u0131r.<\/p>\n<p>Bu \u0259n\u0259n\u0259 bu g\u00fcn d\u0259 davam etdirilir v\u0259 Az\u0259rbaycan caz\u0131 beyn\u0259lxalq festivallarda u\u011furla t\u0259msil olunur. Bak\u0131 \u015f\u0259h\u0259ri caz m\u0259d\u0259niyy\u0259tinin \u0259sas m\u0259rk\u0259zl\u0259rind\u0259n birin\u0259 \u00e7evrilmi\u015fdir.<\/p>\n<p>&nbsp;<\/p>\n<h5>Hip-hop v\u0259 alternativ musiqi<\/h5>\n<p>Son ill\u0259rd\u0259 Az\u0259rbaycan musiqisind\u0259 hip-hop, rap v\u0259 alternativ janrlar da geni\u015f yay\u0131lm\u0131\u015fd\u0131r. G\u0259nc ifa\u00e7\u0131lar sosial m\u00f6vzulara toxunaraq yeni musiqi \u00fcslublar\u0131 yarad\u0131rlar. Bu janrlar x\u00fcsusil\u0259 g\u0259nc n\u0259sil aras\u0131nda b\u00f6y\u00fck maraq do\u011furur.<\/p>\n<p>Alternativ musiqi sah\u0259sind\u0259 f\u0259aliyy\u0259t g\u00f6st\u0259r\u0259n s\u0259n\u0259t\u00e7il\u0259r eksperimental yana\u015fmalarla f\u0259rqli s\u0259sl\u0259nm\u0259 v\u0259 ritml\u0259r yarad\u0131rlar. Bu is\u0259 musiqi m\u00fchitinin daha r\u0259ngar\u0259ng olmas\u0131na s\u0259b\u0259b olur.<\/p>\n<h5>Kino v\u0259 televiziya musiqisi<\/h5>\n<p>M\u00fcasir Az\u0259rbaycan musiqisinin m\u00fch\u00fcm sah\u0259l\u0259rind\u0259n biri d\u0259 kino v\u0259 televiziya musiqisidir. Film musiqil\u0259ri v\u0259 serial soundtrack-l\u0259ri musiqi s\u0259nayesinin inki\u015faf\u0131nda m\u00fch\u00fcm rol oynay\u0131r.<\/p>\n<p>Bu sah\u0259d\u0259 b\u0259st\u0259karlar v\u0259 musiqi prod\u00fcserl\u0259ri vizual s\u0259n\u0259tl\u0259 musiqini birl\u0259\u015fdir\u0259r\u0259k daha t\u0259sirli v\u0259 yadda qalan \u0259s\u0259rl\u0259r yarad\u0131rlar.<\/p>\n<h5>Texnologiyan\u0131n t\u0259siri<\/h5>\n<p>R\u0259q\u0259msal texnologiyalar\u0131n inki\u015faf\u0131 Az\u0259rbaycan musiqisin\u0259 d\u0259 b\u00f6y\u00fck t\u0259sir g\u00f6st\u0259rmi\u015fdir. Studio yaz\u0131lar\u0131, elektron musiqi al\u0259tl\u0259ri v\u0259 r\u0259q\u0259msal platformalar musiqinin yarad\u0131lmas\u0131 v\u0259 yay\u0131lmas\u0131n\u0131 asanla\u015fd\u0131rm\u0131\u015fd\u0131r.<\/p>\n<p>YouTube, Spotify v\u0259 dig\u0259r platformalar vasit\u0259sil\u0259 Az\u0259rbaycan ifa\u00e7\u0131lar\u0131 d\u00fcnya auditoriyas\u0131na \u00e7\u0131xmaq imkan\u0131 \u0259ld\u0259 etmi\u015fl\u0259r. Bu is\u0259 musiqinin qlobal miqyasda yay\u0131lmas\u0131na \u015f\u0259rait yarad\u0131r.<\/p>\n<h5>M\u00fcasir ifa\u00e7\u0131lar v\u0259 yeni n\u0259sil<\/h5>\n<p>Bu g\u00fcn Az\u0259rbaycan musiqi s\u0259hn\u0259sind\u0259 \u00e7oxsayl\u0131 g\u0259nc ifa\u00e7\u0131lar f\u0259aliyy\u0259t g\u00f6st\u0259rir. Onlar h\u0259m milli musiqi \u0259n\u0259n\u0259l\u0259rini qoruyur, h\u0259m d\u0259 m\u00fcasir \u00fcslublarla yeni layih\u0259l\u0259r yarad\u0131rlar.<\/p>\n<p>Yeni n\u0259sil ifa\u00e7\u0131lar sosial media v\u0259 r\u0259q\u0259msal platformalardan aktiv istifad\u0259 ed\u0259r\u0259k \u00f6z musiqil\u0259rini daha geni\u015f auditoriyaya \u00e7atd\u0131r\u0131rlar. Bu is\u0259 musiqi s\u0259nayesind\u0259 yeni imkanlar yarad\u0131r.<\/p>\n<p>Az\u0259rbaycan m\u00fcasir musiqisi milli k\u00f6kl\u0259r\u0259 ba\u011fl\u0131 qalaraq daim inki\u015faf ed\u0259n, yenil\u0259n\u0259n v\u0259 qloballa\u015fan bir s\u0259n\u0259t sah\u0259sidir. Klassik irsl\u0259 m\u00fcasir \u00fcslublar\u0131n birl\u0259\u015fm\u0259si bu musiqini daha z\u0259ngin v\u0259 r\u0259ngar\u0259ng edir.<\/p>\n<p>Bu musiqi yaln\u0131z \u0259yl\u0259nc\u0259 vasit\u0259si deyil, h\u0259m d\u0259 m\u0259d\u0259ni kimliyin ifad\u0259sidir. M\u00fcasir Az\u0259rbaycan musiqisinin qorunmas\u0131 v\u0259 inki\u015faf etdirilm\u0259si milli m\u0259d\u0259niyy\u0259timizin g\u0259l\u0259c\u0259yi \u00fc\u00e7\u00fcn b\u00f6y\u00fck \u0259h\u0259miyy\u0259t da\u015f\u0131y\u0131r.<\/p>\n","protected":false},"excerpt":{"rendered":"<p>M\u00fcasir musiqi Az\u0259rbaycan m\u00fcasir musiqisi z\u0259ngin milli \u0259n\u0259n\u0259l\u0259rl\u0259 qlobal musiqi ax\u0131nlar\u0131n\u0131n sintezind\u0259n formala\u015fan dinamik v\u0259 \u00e7ox\u015fax\u0259li bir sah\u0259dir. Bu musiqi h\u0259m klassik irsd\u0259n, h\u0259m d\u0259 xalq yarad\u0131c\u0131l\u0131\u011f\u0131ndan qidalanaraq yeni janrlar, \u00fcslublar v\u0259 ifa formalar\u0131 yarad\u0131r. M\u00fcasir Az\u0259rbaycan musiqisi bu g\u00fcn h\u0259m \u00f6lk\u0259 daxilind\u0259, h\u0259m d\u0259 beyn\u0259lxalq s\u0259hn\u0259d\u0259 \u00f6z\u00fcn\u0259m\u0259xsus yer tutmaqdad\u0131r. M\u00fcasir musiqinin formala\u015fmas\u0131 XX \u0259srin [&hellip;]<\/p>\n","protected":false},"author":1,"featured_media":0,"parent":0,"menu_order":0,"comment_status":"closed","ping_status":"closed","template":"template-no-title.php","meta":{"footnotes":""},"class_list":["post-1032","page","type-page","status-publish","hentry"],"_links":{"self":[{"href":"https:\/\/www.azculture.az\/index.php\/wp-json\/wp\/v2\/pages\/1032","targetHints":{"allow":["GET"]}}],"collection":[{"href":"https:\/\/www.azculture.az\/index.php\/wp-json\/wp\/v2\/pages"}],"about":[{"href":"https:\/\/www.azculture.az\/index.php\/wp-json\/wp\/v2\/types\/page"}],"author":[{"embeddable":true,"href":"https:\/\/www.azculture.az\/index.php\/wp-json\/wp\/v2\/users\/1"}],"replies":[{"embeddable":true,"href":"https:\/\/www.azculture.az\/index.php\/wp-json\/wp\/v2\/comments?post=1032"}],"version-history":[{"count":4,"href":"https:\/\/www.azculture.az\/index.php\/wp-json\/wp\/v2\/pages\/1032\/revisions"}],"predecessor-version":[{"id":1235,"href":"https:\/\/www.azculture.az\/index.php\/wp-json\/wp\/v2\/pages\/1032\/revisions\/1235"}],"wp:attachment":[{"href":"https:\/\/www.azculture.az\/index.php\/wp-json\/wp\/v2\/media?parent=1032"}],"curies":[{"name":"wp","href":"https:\/\/api.w.org\/{rel}","templated":true}]}}