{"id":1034,"date":"2026-04-18T11:06:31","date_gmt":"2026-04-18T07:06:31","guid":{"rendered":"https:\/\/www.azculture.az\/?page_id=1034"},"modified":"2026-04-22T00:48:07","modified_gmt":"2026-04-21T20:48:07","slug":"performers","status":"publish","type":"page","link":"https:\/\/www.azculture.az\/index.php\/performers\/","title":{"rendered":"\u0130fa\u00e7\u0131lar"},"content":{"rendered":"<h4>Az\u0259rbaycan \u0130fa\u00e7\u0131lar\u0131<\/h4>\n<p>Az\u0259rbaycan musiqi m\u0259d\u0259niyy\u0259tinin formala\u015fmas\u0131nda v\u0259 inki\u015faf\u0131nda ifa\u00e7\u0131lar\u0131n rolu son d\u0259r\u0259c\u0259 b\u00f6y\u00fckd\u00fcr. Onlar b\u0259st\u0259karlar\u0131n yaratd\u0131\u011f\u0131 \u0259s\u0259rl\u0259ri h\u0259yatland\u0131r\u0131r, xalq\u0131n duy\u011fular\u0131n\u0131 s\u0259sl\u0259 ifad\u0259 ed\u0259r\u0259k musiqini canl\u0131 bir s\u0259n\u0259t\u0259 \u00e7evirirl\u0259r. Az\u0259rbaycan ifa\u00e7\u0131lar\u0131 \u00f6z unikal ifa t\u0259rzi, emosional d\u0259rinliyi v\u0259 y\u00fcks\u0259k pe\u015f\u0259karl\u0131\u011f\u0131 il\u0259 h\u0259m \u00f6lk\u0259 daxilind\u0259, h\u0259m d\u0259 beyn\u0259lxalq s\u0259viyy\u0259d\u0259 tan\u0131n\u0131rlar.<\/p>\n<h5>Mu\u011fam ifa\u00e7\u0131lar\u0131 \u2013 milli musiqinin da\u015f\u0131y\u0131c\u0131lar\u0131<\/h5>\n<div id=\"attachment_1238\" style=\"width: 310px\" class=\"wp-caption alignleft\"><img loading=\"lazy\" decoding=\"async\" aria-describedby=\"caption-attachment-1238\" class=\"size-medium wp-image-1238\" src=\"https:\/\/www.azculture.az\/wp-content\/uploads\/2026\/04\/bulbul-300x216.jpg\" alt=\"B\u00fclb\u00fcl\" width=\"300\" height=\"216\" srcset=\"https:\/\/www.azculture.az\/wp-content\/uploads\/2026\/04\/bulbul-300x216.jpg 300w, https:\/\/www.azculture.az\/wp-content\/uploads\/2026\/04\/bulbul-768x553.jpg 768w, https:\/\/www.azculture.az\/wp-content\/uploads\/2026\/04\/bulbul.jpg 800w\" sizes=\"auto, (max-width: 300px) 100vw, 300px\" \/><p id=\"caption-attachment-1238\" class=\"wp-caption-text\">B\u00fclb\u00fcl<\/p><\/div>\n<p>Az\u0259rbaycan musiqisinin \u0259n vacib sah\u0259l\u0259rind\u0259n biri olan mu\u011fam\u0131n ya\u015fad\u0131lmas\u0131nda xan\u0259nd\u0259l\u0259rin rolu \u0259v\u0259zsizdir. Bu sah\u0259d\u0259 bir \u00e7ox g\u00f6rk\u0259mli s\u0259n\u0259tkarlar yeti\u015fmi\u015fdir.<\/p>\n<p>B\u00fclb\u00fcl Az\u0259rbaycan vokal s\u0259n\u0259tinin banil\u0259rind\u0259n biri hesab olunur. Onun f\u0259aliyy\u0259ti milli musiqinin inki\u015faf\u0131nda m\u00fch\u00fcm rol oynam\u0131\u015fd\u0131r.<\/p>\n<p>Mu\u011fam s\u0259n\u0259tinin inki\u015faf\u0131nda Xan \u015eu\u015finski kimi s\u0259n\u0259tkarlar\u0131n x\u00fcsusi rolu olmu\u015fdur. Onlar\u0131n ifalar\u0131 bu g\u00fcn d\u0259 mu\u011fam sev\u0259rl\u0259r t\u0259r\u0259find\u0259n b\u00f6y\u00fck maraqla dinl\u0259nilir.<\/p>\n<h5>Estrada v\u0259 pop ifa\u00e7\u0131lar\u0131<\/h5>\n<p>XX \u0259srd\u0259n etibar\u0259n Az\u0259rbaycan musiqisind\u0259 estrada v\u0259 pop janr\u0131 da geni\u015f yay\u0131lm\u0131\u015fd\u0131r. Bu sah\u0259d\u0259 f\u0259aliyy\u0259t g\u00f6st\u0259r\u0259n ifa\u00e7\u0131lar geni\u015f auditoriya t\u0259r\u0259find\u0259n sevilir v\u0259 milli musiqinin m\u00fcasir formalar\u0131n\u0131 yarad\u0131rlar.<\/p>\n<p>R\u0259\u015fid Behbudov \u00f6z g\u00fccl\u00fc s\u0259si v\u0259 unikal ifa t\u0259rzi il\u0259 d\u00fcnya s\u0259viyy\u0259sind\u0259 tan\u0131nm\u0131\u015fd\u0131r. Onun repertuar\u0131 m\u00fcxt\u0259lif dill\u0259rd\u0259 ifa olunan mahn\u0131larla z\u0259ngindir.<\/p>\n<p>M\u00fcasir d\u00f6vrd\u0259 Ayg\u00fcn Kaz\u0131mova kimi ifa\u00e7\u0131lar Az\u0259rbaycan pop musiqisinin inki\u015faf\u0131nda m\u00fch\u00fcm rol oynay\u0131r v\u0259 yeni n\u0259sil \u00fc\u00e7\u00fcn \u00f6rn\u0259k hesab olunur.<\/p>\n<h5>Klassik v\u0259 opera ifa\u00e7\u0131lar\u0131<\/h5>\n<div id=\"attachment_1236\" style=\"width: 310px\" class=\"wp-caption alignright\"><img loading=\"lazy\" decoding=\"async\" aria-describedby=\"caption-attachment-1236\" class=\"size-medium wp-image-1236\" src=\"https:\/\/www.azculture.az\/wp-content\/uploads\/2026\/04\/fidan-haciyeva-300x188.jpg\" alt=\"Fidan Hac\u0131yeva\" width=\"300\" height=\"188\" srcset=\"https:\/\/www.azculture.az\/wp-content\/uploads\/2026\/04\/fidan-haciyeva-300x188.jpg 300w, https:\/\/www.azculture.az\/wp-content\/uploads\/2026\/04\/fidan-haciyeva.jpg 637w\" sizes=\"auto, (max-width: 300px) 100vw, 300px\" \/><p id=\"caption-attachment-1236\" class=\"wp-caption-text\">Fidan Hac\u0131yeva<\/p><\/div>\n<p>Az\u0259rbaycan musiqisind\u0259 klassik vokal s\u0259n\u0259ti d\u0259 y\u00fcks\u0259k s\u0259viyy\u0259d\u0259 inki\u015faf etmi\u015fdir. Opera ifa\u00e7\u0131lar\u0131 milli v\u0259 d\u00fcnya klassik \u0259s\u0259rl\u0259rini s\u0259hn\u0259y\u0259 g\u0259tir\u0259r\u0259k b\u00f6y\u00fck u\u011furlar qazanm\u0131\u015flar.<\/p>\n<p>Bu sah\u0259d\u0259 Fidan Hac\u0131yeva kimi s\u0259n\u0259tkarlar beyn\u0259lxalq s\u0259hn\u0259l\u0259rd\u0259 \u00e7\u0131x\u0131\u015f ed\u0259r\u0259k Az\u0259rbaycan musiqisini d\u00fcnyaya tan\u0131d\u0131rlar.<\/p>\n<p>Klassik vokal s\u0259n\u0259ti ifa\u00e7\u0131dan y\u00fcks\u0259k texniki haz\u0131rl\u0131q, geni\u015f diapazon v\u0259 g\u00fccl\u00fc s\u0259hn\u0259 m\u0259d\u0259niyy\u0259ti t\u0259l\u0259b edir. Az\u0259rbaycan opera ifa\u00e7\u0131lar\u0131 bu sah\u0259d\u0259 b\u00f6y\u00fck nailiyy\u0259tl\u0259r \u0259ld\u0259 etmi\u015fl\u0259r.<\/p>\n<h5>Caz v\u0259 alternativ musiqi ifa\u00e7\u0131lar\u0131<\/h5>\n<p>Az\u0259rbaycan caz musiqisi d\u0259 d\u00fcnya s\u0259viyy\u0259sind\u0259 tan\u0131n\u0131r. Bu sah\u0259d\u0259 Vaqif Mustafazad\u0259 kimi s\u0259n\u0259tkarlar mu\u011fam il\u0259 caz musiqisini birl\u0259\u015fdir\u0259r\u0259k yeni \u00fcslub yaratm\u0131\u015flar.<\/p>\n<p>M\u00fcasir d\u00f6vrd\u0259 caz v\u0259 alternativ musiqi il\u0259 m\u0259\u015f\u011ful olan ifa\u00e7\u0131lar bu \u0259n\u0259n\u0259ni davam etdir\u0259r\u0259k yeni musiqi n\u00fcmun\u0259l\u0259ri yarad\u0131rlar. Bu is\u0259 Az\u0259rbaycan musiqisinin daha geni\u015f auditoriyaya \u00e7atmas\u0131na \u015f\u0259rait yarad\u0131r.<\/p>\n<h5>\u0130fa\u00e7\u0131lar\u0131n m\u0259d\u0259ni rolu<\/h5>\n<p>\u0130fa\u00e7\u0131lar yaln\u0131z musiqini s\u0259sl\u0259ndir\u0259n insanlar deyil, h\u0259m d\u0259 m\u0259d\u0259niyy\u0259tin da\u015f\u0131y\u0131c\u0131lar\u0131d\u0131r. Onlar xalq\u0131n duy\u011fular\u0131n\u0131, tarixini v\u0259 h\u0259yat t\u0259rzini musiqi vasit\u0259sil\u0259 ifad\u0259 edirl\u0259r.<\/p>\n<p>Az\u0259rbaycan ifa\u00e7\u0131lar\u0131 milli musiqini qoruyaraq onu g\u0259l\u0259c\u0259k n\u0259sill\u0259r\u0259 \u00f6t\u00fcr\u00fcr v\u0259 eyni zamanda m\u00fcasir musiqi il\u0259 uy\u011funla\u015fd\u0131raraq inki\u015faf etdirirl\u0259r. Bu is\u0259 m\u0259d\u0259niyy\u0259timizin davaml\u0131l\u0131\u011f\u0131n\u0131 t\u0259min edir.<\/p>\n<p>Az\u0259rbaycan ifa\u00e7\u0131lar\u0131 milli musiqimizin canl\u0131 t\u0259c\u0259ss\u00fcm\u00fc olaraq m\u0259d\u0259niyy\u0259timizin inki\u015faf\u0131nda m\u00fch\u00fcm rol oynay\u0131rlar. Onlar\u0131n ifalar\u0131 h\u0259m milli irsi qoruyur, h\u0259m d\u0259 onu d\u00fcnyaya tan\u0131d\u0131r.<\/p>\n<p>Bu z\u0259ngin ifa\u00e7\u0131l\u0131q \u0259n\u0259n\u0259sinin qorunmas\u0131 v\u0259 inki\u015faf etdirilm\u0259si Az\u0259rbaycan musiqisinin g\u0259l\u0259c\u0259yi \u00fc\u00e7\u00fcn b\u00f6y\u00fck \u0259h\u0259miyy\u0259t da\u015f\u0131y\u0131r. Yeni n\u0259sil ifa\u00e7\u0131lar\u0131n yeti\u015fm\u0259si is\u0259 bu s\u0259n\u0259tin davaml\u0131l\u0131\u011f\u0131n\u0131 t\u0259min ed\u0259c\u0259kdir.<\/p>\n","protected":false},"excerpt":{"rendered":"<p>Az\u0259rbaycan \u0130fa\u00e7\u0131lar\u0131 Az\u0259rbaycan musiqi m\u0259d\u0259niyy\u0259tinin formala\u015fmas\u0131nda v\u0259 inki\u015faf\u0131nda ifa\u00e7\u0131lar\u0131n rolu son d\u0259r\u0259c\u0259 b\u00f6y\u00fckd\u00fcr. Onlar b\u0259st\u0259karlar\u0131n yaratd\u0131\u011f\u0131 \u0259s\u0259rl\u0259ri h\u0259yatland\u0131r\u0131r, xalq\u0131n duy\u011fular\u0131n\u0131 s\u0259sl\u0259 ifad\u0259 ed\u0259r\u0259k musiqini canl\u0131 bir s\u0259n\u0259t\u0259 \u00e7evirirl\u0259r. Az\u0259rbaycan ifa\u00e7\u0131lar\u0131 \u00f6z unikal ifa t\u0259rzi, emosional d\u0259rinliyi v\u0259 y\u00fcks\u0259k pe\u015f\u0259karl\u0131\u011f\u0131 il\u0259 h\u0259m \u00f6lk\u0259 daxilind\u0259, h\u0259m d\u0259 beyn\u0259lxalq s\u0259viyy\u0259d\u0259 tan\u0131n\u0131rlar. Mu\u011fam ifa\u00e7\u0131lar\u0131 \u2013 milli musiqinin da\u015f\u0131y\u0131c\u0131lar\u0131 Az\u0259rbaycan [&hellip;]<\/p>\n","protected":false},"author":1,"featured_media":0,"parent":0,"menu_order":0,"comment_status":"closed","ping_status":"closed","template":"template-no-title.php","meta":{"footnotes":""},"class_list":["post-1034","page","type-page","status-publish","hentry"],"_links":{"self":[{"href":"https:\/\/www.azculture.az\/index.php\/wp-json\/wp\/v2\/pages\/1034","targetHints":{"allow":["GET"]}}],"collection":[{"href":"https:\/\/www.azculture.az\/index.php\/wp-json\/wp\/v2\/pages"}],"about":[{"href":"https:\/\/www.azculture.az\/index.php\/wp-json\/wp\/v2\/types\/page"}],"author":[{"embeddable":true,"href":"https:\/\/www.azculture.az\/index.php\/wp-json\/wp\/v2\/users\/1"}],"replies":[{"embeddable":true,"href":"https:\/\/www.azculture.az\/index.php\/wp-json\/wp\/v2\/comments?post=1034"}],"version-history":[{"count":5,"href":"https:\/\/www.azculture.az\/index.php\/wp-json\/wp\/v2\/pages\/1034\/revisions"}],"predecessor-version":[{"id":1239,"href":"https:\/\/www.azculture.az\/index.php\/wp-json\/wp\/v2\/pages\/1034\/revisions\/1239"}],"wp:attachment":[{"href":"https:\/\/www.azculture.az\/index.php\/wp-json\/wp\/v2\/media?parent=1034"}],"curies":[{"name":"wp","href":"https:\/\/api.w.org\/{rel}","templated":true}]}}