{"id":1036,"date":"2026-04-18T11:07:01","date_gmt":"2026-04-18T07:07:01","guid":{"rendered":"https:\/\/www.azculture.az\/?page_id=1036"},"modified":"2026-04-22T01:40:29","modified_gmt":"2026-04-21T21:40:29","slug":"composers","status":"publish","type":"page","link":"https:\/\/www.azculture.az\/index.php\/composers\/","title":{"rendered":"B\u0259st\u0259karlar"},"content":{"rendered":"<h4>Az\u0259rbaycan b\u0259st\u0259karlar\u0131<\/h4>\n<p>Az\u0259rbaycan musiqi m\u0259d\u0259niyy\u0259tinin inki\u015faf\u0131nda b\u0259st\u0259karlar\u0131n rolu \u0259v\u0259zsizdir. Onlar xalq musiqisinin z\u0259ngin \u0259n\u0259n\u0259l\u0259rini qoruyaraq, eyni zamanda yeni musiqi formalar\u0131 yaradaraq milli musiqini daha y\u00fcks\u0259k s\u0259viyy\u0259y\u0259 qald\u0131rm\u0131\u015flar. Az\u0259rbaycan b\u0259st\u0259karlar\u0131 \u015e\u0259rq v\u0259 Q\u0259rb musiqi \u0259n\u0259n\u0259l\u0259rini birl\u0259\u015fdir\u0259r\u0259k d\u00fcnya musiqi m\u0259d\u0259niyy\u0259tin\u0259 m\u00fch\u00fcm t\u00f6hf\u0259l\u0259r vermi\u015fl\u0259r.<\/p>\n<h5>Professional musiqinin ba\u015flan\u011f\u0131c\u0131<\/h5>\n<div id=\"attachment_1076\" style=\"width: 310px\" class=\"wp-caption alignleft\"><img loading=\"lazy\" decoding=\"async\" aria-describedby=\"caption-attachment-1076\" class=\"size-medium wp-image-1076\" src=\"https:\/\/www.azculture.az\/wp-content\/uploads\/2026\/04\/hacibeyli-300x169.jpg\" alt=\"\u00dczeyir Hac\u0131b\u0259yli\" width=\"300\" height=\"169\" srcset=\"https:\/\/www.azculture.az\/wp-content\/uploads\/2026\/04\/hacibeyli-300x169.jpg 300w, https:\/\/www.azculture.az\/wp-content\/uploads\/2026\/04\/hacibeyli-1024x576.jpg 1024w, https:\/\/www.azculture.az\/wp-content\/uploads\/2026\/04\/hacibeyli-768x432.jpg 768w, https:\/\/www.azculture.az\/wp-content\/uploads\/2026\/04\/hacibeyli-810x456.jpg 810w, https:\/\/www.azculture.az\/wp-content\/uploads\/2026\/04\/hacibeyli-1140x641.jpg 1140w, https:\/\/www.azculture.az\/wp-content\/uploads\/2026\/04\/hacibeyli.jpg 1280w\" sizes=\"auto, (max-width: 300px) 100vw, 300px\" \/><p id=\"caption-attachment-1076\" class=\"wp-caption-text\">\u00dczeyir Hac\u0131b\u0259yli<\/p><\/div>\n<p>Az\u0259rbaycan professional b\u0259st\u0259karl\u0131q m\u0259kt\u0259binin \u0259sas\u0131n\u0131 \u00dczeyir Hac\u0131b\u0259yli qoymu\u015fdur. O, milli musiqini Q\u0259rb klassik musiqi formalar\u0131 il\u0259 birl\u0259\u015fdir\u0259r\u0259k yeni bir m\u0259rh\u0259l\u0259nin ba\u015flan\u011f\u0131c\u0131n\u0131 qoymu\u015fdur.<\/p>\n<p>Onun yaratd\u0131\u011f\u0131 Leyli v\u0259 M\u0259cnun operas\u0131 \u015e\u0259rqd\u0259 ilk opera kimi tarix\u0259 d\u00fc\u015fm\u00fc\u015fd\u00fcr. Bu \u0259s\u0259r mu\u011fam il\u0259 klassik opera janr\u0131n\u0131 birl\u0259\u015fdir\u0259r\u0259k Az\u0259rbaycan musiqisinin d\u00fcnya s\u0259hn\u0259sin\u0259 \u00e7\u0131xmas\u0131na \u015f\u0259rait yaratm\u0131\u015fd\u0131r.<\/p>\n<h5>Klassik b\u0259st\u0259karl\u0131q m\u0259kt\u0259bi<\/h5>\n<div class=\"mceTemp\"><\/div>\n<p>XX \u0259srd\u0259 Az\u0259rbaycan b\u0259st\u0259karl\u0131q m\u0259kt\u0259bi keyfiyy\u0259tc\u0259 yeni m\u0259rh\u0259l\u0259y\u0259 y\u00fcks\u0259lmi\u015f, milli musiqi d\u00fc\u015f\u00fcnc\u0259si daha geni\u015f b\u0259dii v\u0259 texniki imkanlarla z\u0259nginl\u0259\u015fmi\u015fdir. Bu d\u00f6vr t\u0259kc\u0259 yeni b\u0259st\u0259karlar\u0131n yeti\u015fm\u0259si il\u0259 deyil, h\u0259m d\u0259 musiqi dilinin m\u00fcr\u0259kk\u0259bl\u0259\u015fm\u0259si, janrlar\u0131n \u00e7ox\u015fax\u0259l\u0259nm\u0259si v\u0259 Az\u0259rbaycan musiqisinin beyn\u0259lxalq m\u0259kana \u00e7\u0131xmas\u0131 il\u0259 xarakteriz\u0259 olunur. Simfonik musiqi, opera, balet, kamera \u0259s\u0259rl\u0259ri v\u0259 kino musiqisi sah\u0259l\u0259rind\u0259 yarad\u0131lan n\u00fcmun\u0259l\u0259r milli b\u0259st\u0259karl\u0131q m\u0259kt\u0259binin g\u00fcc\u00fcn\u00fc n\u00fcmayi\u015f etdirmi\u015fdir.<\/p>\n<div id=\"attachment_1082\" style=\"width: 310px\" class=\"wp-caption alignright\"><img loading=\"lazy\" decoding=\"async\" aria-describedby=\"caption-attachment-1082\" class=\"size-medium wp-image-1082\" src=\"https:\/\/www.azculture.az\/wp-content\/uploads\/2026\/04\/quliyev-300x221.jpg\" alt=\"Tofiq Quliyev\" width=\"300\" height=\"221\" srcset=\"https:\/\/www.azculture.az\/wp-content\/uploads\/2026\/04\/quliyev-300x221.jpg 300w, https:\/\/www.azculture.az\/wp-content\/uploads\/2026\/04\/quliyev.jpg 543w\" sizes=\"auto, (max-width: 300px) 100vw, 300px\" \/><p id=\"caption-attachment-1082\" class=\"wp-caption-text\">Tofiq Quliyev<\/p><\/div>\n<p>Bu inki\u015faf\u0131n \u0259n parlaq simalar\u0131ndan biri Qara Qarayev olmu\u015fdur. Onun yarad\u0131c\u0131l\u0131\u011f\u0131 Az\u0259rbaycan musiqi tarixind\u0259 yeni estetik d\u00fc\u015f\u00fcnc\u0259 m\u0259rh\u0259l\u0259sinin formala\u015fmas\u0131na ciddi t\u0259sir g\u00f6st\u0259rmi\u015fdir. Qarayev yaln\u0131z b\u0259st\u0259kar kimi deyil, h\u0259m d\u0259 musiqi d\u00fc\u015f\u00fcnc\u0259sini sistemli \u015f\u0259kild\u0259 inki\u015faf etdir\u0259n s\u0259n\u0259tkar kimi tan\u0131n\u0131r. Onun \u0259s\u0259rl\u0259rind\u0259 milli intonasiya il\u0259 m\u00fcasir Avropa musiqi m\u0259kt\u0259bl\u0259rinin \u0259n qabaqc\u0131l c\u0259r\u0259yanlar\u0131 \u00fczvi \u015f\u0259kild\u0259 birl\u0259\u015fdirilir.<\/p>\n<p>Dig\u0259r g\u00f6rk\u0259mli b\u0259st\u0259kar Fikr\u0259t \u018fmirov is\u0259 simfonik mu\u011fam janr\u0131n\u0131n yarad\u0131c\u0131s\u0131 kimi tan\u0131n\u0131r. Onun \u0259s\u0259rl\u0259ri milli musiqi elementl\u0259ri il\u0259 klassik simfonik musiqinin u\u011furlu sintezidir.<\/p>\n<p>Az\u0259rbaycan musiqisinin inki\u015faf\u0131nda bir \u00e7ox dig\u0259r b\u0259st\u0259karlar da m\u00fch\u00fcm rol oynam\u0131\u015fd\u0131r.<\/p>\n<p>Niyazi h\u0259m dirijor, h\u0259m d\u0259 b\u0259st\u0259kar kimi b\u00f6y\u00fck u\u011furlar qazanm\u0131\u015fd\u0131r. Onun f\u0259aliyy\u0259ti Az\u0259rbaycan simfonik musiqisinin inki\u015faf\u0131na b\u00f6y\u00fck t\u00f6hf\u0259 vermi\u015fdir.<\/p>\n<div class=\"mceTemp\"><\/div>\n<p>Tofiq Quliyev estrada v\u0259 film musiqisinin inki\u015faf\u0131nda m\u00fch\u00fcm rol oynam\u0131\u015fd\u0131r. Onun melodiyalar\u0131 bu g\u00fcn d\u0259 sevil\u0259r\u0259k dinl\u0259nilir.<\/p>\n<p>Arif M\u0259likov is\u0259 balet musiqisi sah\u0259sind\u0259 b\u00f6y\u00fck u\u011furlar qazanm\u0131\u015fd\u0131r. Onun \u0259s\u0259rl\u0259ri m\u00fcxt\u0259lif \u00f6lk\u0259l\u0259rin s\u0259hn\u0259l\u0259rind\u0259 n\u00fcmayi\u015f etdirilmi\u015fdir.<\/p>\n<p>M\u00fcasir d\u00f6vrd\u0259 d\u0259 Az\u0259rbaycan b\u0259st\u0259karl\u0131q \u0259n\u0259n\u0259l\u0259ri davam edir. Yeni n\u0259sil b\u0259st\u0259karlar klassik irsd\u0259n b\u0259hr\u0259l\u0259n\u0259r\u0259k m\u00fcasir musiqi \u00fcslublar\u0131 yarad\u0131rlar.<\/p>\n<div id=\"attachment_1083\" style=\"width: 293px\" class=\"wp-caption alignleft\"><img loading=\"lazy\" decoding=\"async\" aria-describedby=\"caption-attachment-1083\" class=\"size-full wp-image-1083\" src=\"https:\/\/www.azculture.az\/wp-content\/uploads\/2026\/04\/melikov.jpg\" alt=\"Arif M\u0259likov\" width=\"283\" height=\"178\" \/><p id=\"caption-attachment-1083\" class=\"wp-caption-text\">Arif M\u0259likov<\/p><\/div>\n<p>Bu g\u00fcn Az\u0259rbaycan b\u0259st\u0259karlar\u0131 simfonik musiqi, kino musiqisi, caz v\u0259 dig\u0259r janrlarda f\u0259aliyy\u0259t g\u00f6st\u0259r\u0259r\u0259k milli musiqini daha da inki\u015faf etdirirl\u0259r. Onlar h\u0259m \u00f6lk\u0259 daxilind\u0259, h\u0259m d\u0259 beyn\u0259lxalq s\u0259viyy\u0259d\u0259 u\u011furlar qazanaraq Az\u0259rbaycan musiqisini d\u00fcnyaya tan\u0131d\u0131rlar.<\/p>\n<h5>B\u0259st\u0259karlar\u0131n m\u0259d\u0259ni rolu<\/h5>\n<p>B\u0259st\u0259karlar yaln\u0131z musiqi yaradan insanlar deyil, h\u0259m d\u0259 m\u0259d\u0259niyy\u0259tin inki\u015faf\u0131na y\u00f6n ver\u0259n \u015f\u0259xsiyy\u0259tl\u0259rdir. Onlar xalq\u0131n duy\u011fular\u0131n\u0131 musiqi dili il\u0259 ifad\u0259 edir, milli kimliyin formala\u015fmas\u0131na t\u00f6hf\u0259 verirl\u0259r.<\/p>\n<p>Az\u0259rbaycan b\u0259st\u0259karlar\u0131n\u0131n \u0259s\u0259rl\u0259ri xalq\u0131n tarixini, sevincini v\u0259 k\u0259d\u0259rini \u0259ks etdir\u0259r\u0259k milli ruhun qorunmas\u0131na xidm\u0259t edir. Bu \u0259s\u0259rl\u0259r h\u0259m d\u0259 g\u0259l\u0259c\u0259k n\u0259sill\u0259r \u00fc\u00e7\u00fcn m\u0259d\u0259ni irs kimi b\u00f6y\u00fck \u0259h\u0259miyy\u0259t da\u015f\u0131y\u0131r.<\/p>\n<p>Az\u0259rbaycan b\u0259st\u0259karlar\u0131 milli musiqimizin inki\u015faf\u0131nda m\u00fch\u00fcm rol oynayaraq onu d\u00fcnya s\u0259viyy\u0259sin\u0259 \u00e7\u0131xarm\u0131\u015flar. Onlar\u0131n yaratd\u0131\u011f\u0131 \u0259s\u0259rl\u0259r bu g\u00fcn d\u0259 \u00f6z aktuall\u0131\u011f\u0131n\u0131 qoruyur v\u0259 geni\u015f auditoriya t\u0259r\u0259find\u0259n sevilir.<\/p>\n<p>Bu z\u0259ngin b\u0259st\u0259karl\u0131q irsinin qorunmas\u0131 v\u0259 inki\u015faf etdirilm\u0259si Az\u0259rbaycan m\u0259d\u0259niyy\u0259tinin g\u0259l\u0259c\u0259yi \u00fc\u00e7\u00fcn b\u00f6y\u00fck \u0259h\u0259miyy\u0259t da\u015f\u0131y\u0131r. Yeni n\u0259sil b\u0259st\u0259karlar\u0131n yeti\u015fm\u0259si v\u0259 d\u0259st\u0259kl\u0259nm\u0259si is\u0259 bu \u0259n\u0259n\u0259nin davaml\u0131l\u0131\u011f\u0131n\u0131 t\u0259min ed\u0259c\u0259kdir.<\/p>\n","protected":false},"excerpt":{"rendered":"<p>Az\u0259rbaycan b\u0259st\u0259karlar\u0131 Az\u0259rbaycan musiqi m\u0259d\u0259niyy\u0259tinin inki\u015faf\u0131nda b\u0259st\u0259karlar\u0131n rolu \u0259v\u0259zsizdir. Onlar xalq musiqisinin z\u0259ngin \u0259n\u0259n\u0259l\u0259rini qoruyaraq, eyni zamanda yeni musiqi formalar\u0131 yaradaraq milli musiqini daha y\u00fcks\u0259k s\u0259viyy\u0259y\u0259 qald\u0131rm\u0131\u015flar. Az\u0259rbaycan b\u0259st\u0259karlar\u0131 \u015e\u0259rq v\u0259 Q\u0259rb musiqi \u0259n\u0259n\u0259l\u0259rini birl\u0259\u015fdir\u0259r\u0259k d\u00fcnya musiqi m\u0259d\u0259niyy\u0259tin\u0259 m\u00fch\u00fcm t\u00f6hf\u0259l\u0259r vermi\u015fl\u0259r. Professional musiqinin ba\u015flan\u011f\u0131c\u0131 Az\u0259rbaycan professional b\u0259st\u0259karl\u0131q m\u0259kt\u0259binin \u0259sas\u0131n\u0131 \u00dczeyir Hac\u0131b\u0259yli qoymu\u015fdur. O, milli musiqini [&hellip;]<\/p>\n","protected":false},"author":1,"featured_media":0,"parent":0,"menu_order":0,"comment_status":"closed","ping_status":"closed","template":"template-no-title.php","meta":{"footnotes":""},"class_list":["post-1036","page","type-page","status-publish","hentry"],"_links":{"self":[{"href":"https:\/\/www.azculture.az\/index.php\/wp-json\/wp\/v2\/pages\/1036","targetHints":{"allow":["GET"]}}],"collection":[{"href":"https:\/\/www.azculture.az\/index.php\/wp-json\/wp\/v2\/pages"}],"about":[{"href":"https:\/\/www.azculture.az\/index.php\/wp-json\/wp\/v2\/types\/page"}],"author":[{"embeddable":true,"href":"https:\/\/www.azculture.az\/index.php\/wp-json\/wp\/v2\/users\/1"}],"replies":[{"embeddable":true,"href":"https:\/\/www.azculture.az\/index.php\/wp-json\/wp\/v2\/comments?post=1036"}],"version-history":[{"count":12,"href":"https:\/\/www.azculture.az\/index.php\/wp-json\/wp\/v2\/pages\/1036\/revisions"}],"predecessor-version":[{"id":1271,"href":"https:\/\/www.azculture.az\/index.php\/wp-json\/wp\/v2\/pages\/1036\/revisions\/1271"}],"wp:attachment":[{"href":"https:\/\/www.azculture.az\/index.php\/wp-json\/wp\/v2\/media?parent=1036"}],"curies":[{"name":"wp","href":"https:\/\/api.w.org\/{rel}","templated":true}]}}