{"id":1108,"date":"2026-04-20T23:33:41","date_gmt":"2026-04-20T19:33:41","guid":{"rendered":"https:\/\/www.azculture.az\/?page_id=1108"},"modified":"2026-04-21T23:39:33","modified_gmt":"2026-04-21T19:39:33","slug":"tour","status":"publish","type":"page","link":"https:\/\/www.azculture.az\/index.php\/tour\/","title":{"rendered":"Virtual tur"},"content":{"rendered":"<h4 class=\"block_title\">Virtual tur<\/h4>\n<p><a href=\"https:\/\/tur.azculture.az\/amim.php\" target=\"_blank\" rel=\"noopener\">Az\u0259rbaycan Milli \u0130nc\u0259s\u0259n\u0259t Muzeyi<\/a><\/p>\n<p><a href=\"https:\/\/tur.azculture.az\/amxm.php\" target=\"_blank\" rel=\"noopener\">Az\u0259rbaycan Milli Xal\u00e7a<\/a><\/p>\n<p><a href=\"https:\/\/tur.azculture.az\/lahic.php\" target=\"_blank\" rel=\"noopener\">Lah\u0131c<\/a><\/p>\n<p><a href=\"https:\/\/tur.azculture.az\/kish.php\" target=\"_blank\" rel=\"noopener\">Ki\u015f alban m\u0259b\u0259di<\/a><\/p>\n<p><a href=\"https:\/\/tur.azculture.az\/yanardag.php\" target=\"_blank\" rel=\"noopener\">Yanarda\u011f D\u00f6vl\u0259t Tarix-M\u0259d\u0259niyy\u0259t v\u0259 T\u0259bi\u0259t Qoru\u011fu <\/a><\/p>\n<p><a href=\"https:\/\/tur.azculture.az\/xansarayi.php\" target=\"_blank\" rel=\"noopener\">\u015e\u0259ki Xan Saray\u0131<\/a><\/p>\n<p><a href=\"https:\/\/tur.azculture.az\/qobustan.php\" target=\"_blank\" rel=\"noopener\">Qobustan D\u00f6vl\u0259t Tarixi B\u0259dii Qoru\u011fu<\/a><\/p>\n","protected":false},"excerpt":{"rendered":"<p>Virtual tur Az\u0259rbaycan Milli \u0130nc\u0259s\u0259n\u0259t Muzeyi Az\u0259rbaycan Milli Xal\u00e7a Lah\u0131c Ki\u015f alban m\u0259b\u0259di Yanarda\u011f D\u00f6vl\u0259t Tarix-M\u0259d\u0259niyy\u0259t v\u0259 T\u0259bi\u0259t Qoru\u011fu \u015e\u0259ki Xan Saray\u0131 Qobustan D\u00f6vl\u0259t Tarixi B\u0259dii Qoru\u011fu<\/p>\n","protected":false},"author":1,"featured_media":0,"parent":0,"menu_order":0,"comment_status":"closed","ping_status":"closed","template":"template-no-title.php","meta":{"footnotes":""},"class_list":["post-1108","page","type-page","status-publish","hentry"],"_links":{"self":[{"href":"https:\/\/www.azculture.az\/index.php\/wp-json\/wp\/v2\/pages\/1108","targetHints":{"allow":["GET"]}}],"collection":[{"href":"https:\/\/www.azculture.az\/index.php\/wp-json\/wp\/v2\/pages"}],"about":[{"href":"https:\/\/www.azculture.az\/index.php\/wp-json\/wp\/v2\/types\/page"}],"author":[{"embeddable":true,"href":"https:\/\/www.azculture.az\/index.php\/wp-json\/wp\/v2\/users\/1"}],"replies":[{"embeddable":true,"href":"https:\/\/www.azculture.az\/index.php\/wp-json\/wp\/v2\/comments?post=1108"}],"version-history":[{"count":29,"href":"https:\/\/www.azculture.az\/index.php\/wp-json\/wp\/v2\/pages\/1108\/revisions"}],"predecessor-version":[{"id":1208,"href":"https:\/\/www.azculture.az\/index.php\/wp-json\/wp\/v2\/pages\/1108\/revisions\/1208"}],"wp:attachment":[{"href":"https:\/\/www.azculture.az\/index.php\/wp-json\/wp\/v2\/media?parent=1108"}],"curies":[{"name":"wp","href":"https:\/\/api.w.org\/{rel}","templated":true}]}}