{"id":887,"date":"2026-03-29T20:54:34","date_gmt":"2026-03-29T16:54:34","guid":{"rendered":"https:\/\/www.azculture.az\/?page_id=887"},"modified":"2026-04-22T00:38:04","modified_gmt":"2026-04-21T20:38:04","slug":"art","status":"publish","type":"page","link":"https:\/\/www.azculture.az\/index.php\/art\/","title":{"rendered":"\u0130nc\u0259s\u0259n\u0259t"},"content":{"rendered":"<h4>Milli inc\u0259s\u0259n\u0259t<\/h4>\n<p>Az\u0259rbaycanda inc\u0259s\u0259n\u0259t minillikl\u0259r boyu formala\u015fm\u0131\u015f z\u0259ngin tarixi v\u0259 m\u0259d\u0259ni irsin m\u00fch\u00fcm hiss\u0259sidir. Bu sah\u0259 xalq\u0131n estetik d\u00fc\u015f\u00fcnc\u0259sini, h\u0259yat t\u0259rzini, d\u00fcnyag\u00f6r\u00fc\u015f\u00fcn\u00fc v\u0259 m\u0259n\u0259vi d\u0259y\u0259rl\u0259rini \u0259ks etdirir. R\u0259ssaml\u0131q, heyk\u0259lt\u0259ra\u015fl\u0131q, memarl\u0131q, dekorativ-t\u0259tbiqi s\u0259n\u0259t v\u0259 dig\u0259r sah\u0259l\u0259r Az\u0259rbaycan inc\u0259s\u0259n\u0259tinin \u0259sas istiqam\u0259tl\u0259rini t\u0259\u015fkil edir.<\/p>\n<p>Az\u0259rbaycan inc\u0259s\u0259n\u0259ti h\u0259m \u015e\u0259rq, h\u0259m d\u0259 Q\u0259rb m\u0259d\u0259niyy\u0259tl\u0259rinin t\u0259siri alt\u0131nda inki\u015faf ed\u0259r\u0259k \u00f6z\u00fcn\u0259m\u0259xsus \u00fcslub formala\u015fd\u0131rm\u0131\u015fd\u0131r. Bu sintez n\u0259tic\u0259sind\u0259 milli inc\u0259s\u0259n\u0259t m\u0259kt\u0259bi yaranm\u0131\u015f v\u0259 d\u00fcnya m\u0259d\u0259niyy\u0259tin\u0259 m\u00fch\u00fcm t\u00f6hf\u0259l\u0259r vermi\u015fdir.<\/p>\n<h5>T\u0259sviri inc\u0259s\u0259n\u0259t<\/h5>\n<div id=\"attachment_1226\" style=\"width: 310px\" class=\"wp-caption alignleft\"><img loading=\"lazy\" decoding=\"async\" aria-describedby=\"caption-attachment-1226\" class=\"size-medium wp-image-1226\" src=\"https:\/\/www.azculture.az\/wp-content\/uploads\/2026\/04\/500px-S._B\u0259hlulzad\u0259-Torpagin_arzusu-300x201.jpg\" alt=\"S. B\u0259hlulzad\u0259-Torpa\u011f\u0131n arzusu\" width=\"300\" height=\"201\" srcset=\"https:\/\/www.azculture.az\/wp-content\/uploads\/2026\/04\/500px-S._B\u0259hlulzad\u0259-Torpagin_arzusu-300x201.jpg 300w, https:\/\/www.azculture.az\/wp-content\/uploads\/2026\/04\/500px-S._B\u0259hlulzad\u0259-Torpagin_arzusu.jpg 500w\" sizes=\"auto, (max-width: 300px) 100vw, 300px\" \/><p id=\"caption-attachment-1226\" class=\"wp-caption-text\">S. B\u0259hlulzad\u0259-Torpa\u011f\u0131n arzusu<\/p><\/div>\n<p>Az\u0259rbaycan r\u0259ssaml\u0131q s\u0259n\u0259ti x\u00fcsusil\u0259 XX \u0259srd\u0259 b\u00f6y\u00fck inki\u015faf m\u0259rh\u0259l\u0259sin\u0259 \u00e7atm\u0131\u015fd\u0131r. Bu d\u00f6vrd\u0259 milli m\u00f6vzular, t\u0259bi\u0259t m\u0259nz\u0259r\u0259l\u0259ri v\u0259 insan h\u0259yat\u0131n\u0131 \u0259ks etdir\u0259n \u0259s\u0259rl\u0259r geni\u015f yay\u0131lm\u0131\u015fd\u0131r.<\/p>\n<p>Az\u0259rbaycan t\u0259sviri s\u0259n\u0259tinin \u0259n parlaq n\u00fcmay\u0259nd\u0259l\u0259rind\u0259n biri S\u0259ttar B\u0259hlulzad\u0259 olmu\u015fdur. Onun \u0259s\u0259rl\u0259rind\u0259 Az\u0259rbaycan t\u0259bi\u0259ti poetik v\u0259 emosional \u015f\u0259kild\u0259 t\u0259svir edilir. R\u0259ngl\u0259rin harmoniyas\u0131 v\u0259 x\u00fcsusi \u00fcslubu onu milli r\u0259ssaml\u0131q m\u0259kt\u0259binin banil\u0259rind\u0259n birin\u0259 \u00e7evirmi\u015fdir.<\/p>\n<p>Dig\u0259r g\u00f6rk\u0259mli r\u0259ssam Tahir Salahov \u201cs\u0259rt \u00fcslub\u201d m\u0259kt\u0259binin \u0259sas n\u00fcmay\u0259nd\u0259l\u0259rind\u0259n biridir. Onun \u0259s\u0259rl\u0259rind\u0259 insan \u0259m\u0259yi, s\u0259naye v\u0259 h\u0259yat\u0131n real t\u0259r\u0259fl\u0259ri g\u00fccl\u00fc ifad\u0259 olunmu\u015fdur.<\/p>\n<p>To\u011frul N\u0259rimanb\u0259yov is\u0259 r\u0259ngkarl\u0131qda emosional v\u0259 dekorativ \u00fcslubu il\u0259 se\u00e7ilmi\u015fdir. Onun \u0259s\u0259rl\u0259ri Az\u0259rbaycan m\u0259d\u0259niyy\u0259tinin r\u0259ngar\u0259ngliyini \u0259ks etdirir.<\/p>\n<h5>Heyk\u0259lt\u0259ra\u015fl\u0131q<\/h5>\n<div id=\"attachment_1228\" style=\"width: 310px\" class=\"wp-caption alignright\"><img loading=\"lazy\" decoding=\"async\" aria-describedby=\"caption-attachment-1228\" class=\"size-medium wp-image-1228\" src=\"https:\/\/www.azculture.az\/wp-content\/uploads\/2026\/04\/500px-Qara_Qarayevin_heyk\u0259li_Baki-300x241.jpg\" alt=\"Fazil N\u0259c\u0259fov - Qara Qarayev, Bak\u0131, 2014\" width=\"300\" height=\"241\" srcset=\"https:\/\/www.azculture.az\/wp-content\/uploads\/2026\/04\/500px-Qara_Qarayevin_heyk\u0259li_Baki-300x241.jpg 300w, https:\/\/www.azculture.az\/wp-content\/uploads\/2026\/04\/500px-Qara_Qarayevin_heyk\u0259li_Baki.jpg 500w\" sizes=\"auto, (max-width: 300px) 100vw, 300px\" \/><p id=\"caption-attachment-1228\" class=\"wp-caption-text\">Fazil N\u0259c\u0259fov &#8211; Qara Qarayev, Bak\u0131, 2014<\/p><\/div>\n<p>Az\u0259rbaycan heyk\u0259lt\u0259ra\u015fl\u0131q s\u0259n\u0259ti d\u0259 y\u00fcks\u0259k inki\u015faf s\u0259viyy\u0259sin\u0259 malikdir. Bu sah\u0259d\u0259 yarad\u0131lan \u0259s\u0259rl\u0259r \u015f\u0259h\u0259r m\u00fchitini b\u0259z\u0259m\u0259kl\u0259 yana\u015f\u0131, tarixi v\u0259 m\u0259d\u0259ni \u015f\u0259xsiyy\u0259tl\u0259ri \u0259b\u0259dil\u0259\u015fdirir.<\/p>\n<p>Bak\u0131 \u015f\u0259h\u0259rind\u0259 v\u0259 \u00f6lk\u0259nin m\u00fcxt\u0259lif b\u00f6lg\u0259l\u0259rind\u0259 ucald\u0131lm\u0131\u015f abid\u0259l\u0259r Az\u0259rbaycan heyk\u0259lt\u0259ra\u015flar\u0131n\u0131n y\u00fcks\u0259k s\u0259n\u0259tkarl\u0131\u011f\u0131n\u0131 n\u00fcmayi\u015f etdirir. Heyk\u0259lt\u0259ra\u015fl\u0131qda milli q\u0259hr\u0259manlar, yaz\u0131\u00e7\u0131lar v\u0259 m\u0259d\u0259niyy\u0259t xadiml\u0259ri geni\u015f \u015f\u0259kild\u0259 \u0259ks etdirilir.<\/p>\n<h5><\/h5>\n<h5>Memarl\u0131q s\u0259n\u0259ti<\/h5>\n<div id=\"attachment_1229\" style=\"width: 310px\" class=\"wp-caption alignleft\"><img loading=\"lazy\" decoding=\"async\" aria-describedby=\"caption-attachment-1229\" class=\"size-medium wp-image-1229\" src=\"https:\/\/www.azculture.az\/wp-content\/uploads\/2026\/04\/500px-Qiz_qalasi_umumi_2016-300x237.jpg\" alt=\"Q\u0131z qalas\u0131, Bak\u0131\" width=\"300\" height=\"237\" srcset=\"https:\/\/www.azculture.az\/wp-content\/uploads\/2026\/04\/500px-Qiz_qalasi_umumi_2016-300x237.jpg 300w, https:\/\/www.azculture.az\/wp-content\/uploads\/2026\/04\/500px-Qiz_qalasi_umumi_2016.jpg 500w\" sizes=\"auto, (max-width: 300px) 100vw, 300px\" \/><p id=\"caption-attachment-1229\" class=\"wp-caption-text\">Q\u0131z qalas\u0131, Bak\u0131<\/p><\/div>\n<p>Az\u0259rbaycan memarl\u0131\u011f\u0131 \u00e7ox q\u0259dim tarix\u0259 malikdir. Q\u0259dim d\u00f6vrl\u0259rd\u0259n ba\u015flayaraq qalalar, m\u0259scidl\u0259r, saraylar v\u0259 dig\u0259r memarl\u0131q n\u00fcmun\u0259l\u0259ri in\u015fa edilmi\u015fdir.<\/p>\n<p>Bak\u0131dak\u0131 \u0130\u00e7\u0259ri\u015f\u0259h\u0259r kompleksi, Q\u0131z qalas\u0131 v\u0259 \u015eirvan\u015fahlar Saray\u0131 Az\u0259rbaycan memarl\u0131\u011f\u0131n\u0131n \u0259n m\u00fch\u00fcm n\u00fcmun\u0259l\u0259rind\u0259ndir. Bu abid\u0259l\u0259r h\u0259m tarixi, h\u0259m d\u0259 estetik bax\u0131mdan b\u00f6y\u00fck \u0259h\u0259miyy\u0259t da\u015f\u0131y\u0131r.<\/p>\n<p>Memarl\u0131q s\u0259n\u0259tind\u0259 \u015e\u0259rq ornamentl\u0259ri, da\u015f oyma s\u0259n\u0259ti v\u0259 simmetriya x\u00fcsusi yer tutur. M\u00fcasir d\u00f6vrd\u0259 is\u0259 bu \u0259n\u0259n\u0259l\u0259r yeni memarl\u0131q \u00fcslublar\u0131 il\u0259 birl\u0259\u015fdirilmi\u015fdir.<\/p>\n<h5>Dekorativ-t\u0259tbiqi s\u0259n\u0259t<\/h5>\n<div id=\"attachment_1230\" style=\"width: 310px\" class=\"wp-caption alignright\"><img loading=\"lazy\" decoding=\"async\" aria-describedby=\"caption-attachment-1230\" class=\"size-medium wp-image-1230\" src=\"https:\/\/www.azculture.az\/wp-content\/uploads\/2026\/04\/boyunbagi-300x218.jpg\" alt=\"Q\u0259dim d\u00f6vr\u0259 aid boyunba\u011f\u0131\" width=\"300\" height=\"218\" srcset=\"https:\/\/www.azculture.az\/wp-content\/uploads\/2026\/04\/boyunbagi-300x218.jpg 300w, https:\/\/www.azculture.az\/wp-content\/uploads\/2026\/04\/boyunbagi.jpg 500w\" sizes=\"auto, (max-width: 300px) 100vw, 300px\" \/><p id=\"caption-attachment-1230\" class=\"wp-caption-text\">Q\u0259dim d\u00f6vr\u0259 aid boyunba\u011f\u0131<\/p><\/div>\n<p>Az\u0259rbaycan inc\u0259s\u0259n\u0259tind\u0259 dekorativ-t\u0259tbiqi s\u0259n\u0259t x\u00fcsusi yer tutur. Buraya xal\u00e7a\u00e7\u0131l\u0131q, keramika, z\u0259rg\u0259rlik v\u0259 a\u011fac \u00fcz\u0259rind\u0259 oyma s\u0259n\u0259ti daxildir.<\/p>\n<p>Az\u0259rbaycan xal\u00e7alar\u0131 d\u00fcnyada m\u0259\u015fhurdur v\u0259 m\u00fcxt\u0259lif regionlara g\u00f6r\u0259 f\u0259rqli nax\u0131\u015f v\u0259 r\u0259ng \u00e7alarlar\u0131na malikdir. Xal\u00e7a\u00e7\u0131l\u0131q yaln\u0131z s\u0259n\u0259t deyil, h\u0259m d\u0259 milli kimliyin simvoludur.<\/p>\n<h5><\/h5>\n<h5>M\u00fcasir inc\u0259s\u0259n\u0259t<\/h5>\n<p>M\u00fcasir Az\u0259rbaycanda inc\u0259s\u0259n\u0259t yeni inki\u015faf m\u0259rh\u0259l\u0259sin\u0259 q\u0259d\u0259m qoymu\u015fdur. R\u0259ssamlar, dizaynerl\u0259r v\u0259 inc\u0259s\u0259n\u0259t n\u00fcmay\u0259nd\u0259l\u0259ri klassik \u0259n\u0259n\u0259l\u0259ri qorumaqla yana\u015f\u0131, m\u00fcasir texnologiyalar v\u0259 yeni ifad\u0259 formalar\u0131ndan istifad\u0259 edirl\u0259r.<\/p>\n<p>M\u00fcasir inc\u0259s\u0259n\u0259t s\u0259rgil\u0259ri, qalereyalar v\u0259 beyn\u0259lxalq layih\u0259l\u0259r Az\u0259rbaycan m\u0259d\u0259niyy\u0259tini d\u00fcnyaya tan\u0131tmaqda m\u00fch\u00fcm rol oynay\u0131r.<\/p>\n<h5>\u0130nc\u0259s\u0259n\u0259tin m\u0259d\u0259ni rolu<\/h5>\n<p>\u0130nc\u0259s\u0259n\u0259t c\u0259miyy\u0259tin m\u0259n\u0259vi inki\u015faf\u0131nda m\u00fch\u00fcm rol oynay\u0131r. O, insanlar\u0131n estetik z\u00f6vq\u00fcn\u00fc formala\u015fd\u0131r\u0131r, milli kimliyi g\u00fccl\u0259ndirir v\u0259 m\u0259d\u0259ni irsi qoruyur.<\/p>\n<p>Az\u0259rbaycan inc\u0259s\u0259n\u0259ti xalq\u0131n tarixini, duy\u011fular\u0131n\u0131 v\u0259 d\u00fc\u015f\u00fcnc\u0259 t\u0259rzini n\u0259sill\u0259r\u0259 \u00f6t\u00fcr\u0259r\u0259k m\u0259d\u0259ni yadda\u015f\u0131 ya\u015fad\u0131r.<\/p>\n<p>Az\u0259rbaycanda inc\u0259s\u0259n\u0259t z\u0259ngin tarixi, \u00e7ox\u015fax\u0259li inki\u015faf yolu v\u0259 y\u00fcks\u0259k b\u0259dii d\u0259y\u0259rl\u0259ri il\u0259 milli m\u0259d\u0259niyy\u0259timizin \u0259n vacib sah\u0259l\u0259rind\u0259n biridir. R\u0259ssaml\u0131qdan memarl\u0131\u011fa, dekorativ s\u0259n\u0259td\u0259n m\u00fcasir inc\u0259s\u0259n\u0259t\u0259 q\u0259d\u0259r b\u00fct\u00fcn sah\u0259l\u0259r xalq\u0131n yarad\u0131c\u0131l\u0131q g\u00fcc\u00fcn\u00fc \u0259ks etdirir.<\/p>\n<p>Bu z\u0259ngin irsin qorunmas\u0131 v\u0259 inki\u015faf etdirilm\u0259si Az\u0259rbaycan m\u0259d\u0259niyy\u0259tinin g\u0259l\u0259c\u0259yi \u00fc\u00e7\u00fcn m\u00fch\u00fcm \u0259h\u0259miyy\u0259t da\u015f\u0131y\u0131r. \u0130nc\u0259s\u0259n\u0259t xalq\u0131n ruhudur v\u0259 bu ruh daim ya\u015famal\u0131d\u0131r.<\/p>\n","protected":false},"excerpt":{"rendered":"<p>Milli inc\u0259s\u0259n\u0259t Az\u0259rbaycanda inc\u0259s\u0259n\u0259t minillikl\u0259r boyu formala\u015fm\u0131\u015f z\u0259ngin tarixi v\u0259 m\u0259d\u0259ni irsin m\u00fch\u00fcm hiss\u0259sidir. Bu sah\u0259 xalq\u0131n estetik d\u00fc\u015f\u00fcnc\u0259sini, h\u0259yat t\u0259rzini, d\u00fcnyag\u00f6r\u00fc\u015f\u00fcn\u00fc v\u0259 m\u0259n\u0259vi d\u0259y\u0259rl\u0259rini \u0259ks etdirir. R\u0259ssaml\u0131q, heyk\u0259lt\u0259ra\u015fl\u0131q, memarl\u0131q, dekorativ-t\u0259tbiqi s\u0259n\u0259t v\u0259 dig\u0259r sah\u0259l\u0259r Az\u0259rbaycan inc\u0259s\u0259n\u0259tinin \u0259sas istiqam\u0259tl\u0259rini t\u0259\u015fkil edir. Az\u0259rbaycan inc\u0259s\u0259n\u0259ti h\u0259m \u015e\u0259rq, h\u0259m d\u0259 Q\u0259rb m\u0259d\u0259niyy\u0259tl\u0259rinin t\u0259siri alt\u0131nda inki\u015faf ed\u0259r\u0259k \u00f6z\u00fcn\u0259m\u0259xsus \u00fcslub [&hellip;]<\/p>\n","protected":false},"author":1,"featured_media":0,"parent":0,"menu_order":0,"comment_status":"closed","ping_status":"closed","template":"template-no-title.php","meta":{"footnotes":""},"class_list":["post-887","page","type-page","status-publish","hentry"],"_links":{"self":[{"href":"https:\/\/www.azculture.az\/index.php\/wp-json\/wp\/v2\/pages\/887","targetHints":{"allow":["GET"]}}],"collection":[{"href":"https:\/\/www.azculture.az\/index.php\/wp-json\/wp\/v2\/pages"}],"about":[{"href":"https:\/\/www.azculture.az\/index.php\/wp-json\/wp\/v2\/types\/page"}],"author":[{"embeddable":true,"href":"https:\/\/www.azculture.az\/index.php\/wp-json\/wp\/v2\/users\/1"}],"replies":[{"embeddable":true,"href":"https:\/\/www.azculture.az\/index.php\/wp-json\/wp\/v2\/comments?post=887"}],"version-history":[{"count":5,"href":"https:\/\/www.azculture.az\/index.php\/wp-json\/wp\/v2\/pages\/887\/revisions"}],"predecessor-version":[{"id":1231,"href":"https:\/\/www.azculture.az\/index.php\/wp-json\/wp\/v2\/pages\/887\/revisions\/1231"}],"wp:attachment":[{"href":"https:\/\/www.azculture.az\/index.php\/wp-json\/wp\/v2\/media?parent=887"}],"curies":[{"name":"wp","href":"https:\/\/api.w.org\/{rel}","templated":true}]}}