{"id":897,"date":"2026-03-29T20:57:28","date_gmt":"2026-03-29T16:57:28","guid":{"rendered":"https:\/\/www.azculture.az\/?page_id=897"},"modified":"2026-04-11T17:11:33","modified_gmt":"2026-04-11T13:11:33","slug":"costume","status":"publish","type":"page","link":"https:\/\/www.azculture.az\/index.php\/costume\/","title":{"rendered":"Milli Geyim"},"content":{"rendered":"<h4>Az\u0259rbaycan milli geyiml\u0259ri \u2013 xalq\u0131n estetik z\u00f6vq\u00fc v\u0259 tarixi kimliyi<\/h4>\n<p>Az\u0259rbaycan xalq\u0131n\u0131n z\u0259ngin m\u0259d\u0259ni irsinin m\u00fch\u00fcm hiss\u0259l\u0259rind\u0259n biri d\u0259 milli geyiml\u0259rdir. Milli geyiml\u0259r yaln\u0131z g\u00fcnd\u0259lik istifad\u0259 olunan paltarlar deyil, h\u0259m d\u0259 xalq\u0131n tarixini, h\u0259yat t\u0259rzini, estetik z\u00f6vq\u00fcn\u00fc v\u0259 sosial m\u00fcnasib\u0259tl\u0259rini \u0259ks etdir\u0259n m\u00fch\u00fcm m\u0259d\u0259ni elementl\u0259rdir. \u018fsrl\u0259r boyu formala\u015fm\u0131\u015f Az\u0259rbaycan milli geyiml\u0259ri m\u00fcxt\u0259lif b\u00f6lg\u0259l\u0259rin iqlim \u015f\u0259raiti, h\u0259yat t\u0259rzi v\u0259 m\u0259d\u0259ni x\u00fcsusiyy\u0259tl\u0259ri il\u0259 s\u0131x ba\u011fl\u0131 olmu\u015fdur.<\/p>\n<h5>Qad\u0131n milli geyiml\u0259ri<\/h5>\n<p><img loading=\"lazy\" decoding=\"async\" class=\"size-medium wp-image-987 alignleft\" src=\"https:\/\/www.azculture.az\/wp-content\/uploads\/2026\/04\/qadin-milli-geyim-238x300.jpg\" alt=\"Qad\u0131n milli geyimi\" width=\"238\" height=\"300\" srcset=\"https:\/\/www.azculture.az\/wp-content\/uploads\/2026\/04\/qadin-milli-geyim-238x300.jpg 238w, https:\/\/www.azculture.az\/wp-content\/uploads\/2026\/04\/qadin-milli-geyim.jpg 500w\" sizes=\"auto, (max-width: 238px) 100vw, 238px\" \/><\/p>\n<p>Az\u0259rbaycan qad\u0131nlar\u0131n\u0131n milli geyiml\u0259ri z\u0259rifliyi, r\u0259ngar\u0259ngliyi v\u0259 inc\u0259 b\u0259z\u0259kl\u0259ri il\u0259 se\u00e7ilir. Qad\u0131n geyiml\u0259rinin \u0259sas elementl\u0259rin\u0259 k\u00f6yn\u0259k, \u00e7\u0259pk\u0259n, arxal\u0131q, tuman v\u0259 m\u00fcxt\u0259lif ba\u015f \u00f6rt\u00fckl\u0259ri daxildir. Bu geyiml\u0259r ad\u0259t\u0259n ip\u0259k, m\u0259xm\u0259r v\u0259 atlas kimi keyfiyy\u0259tli par\u00e7alardan haz\u0131rlan\u0131r v\u0259 \u00fcz\u0259ri milli ornamentl\u0259r, q\u0131z\u0131l v\u0259 g\u00fcm\u00fc\u015f saplarla i\u015fl\u0259nmi\u015f nax\u0131\u015flarla b\u0259z\u0259dilirdi.<\/p>\n<p>Qad\u0131n geyiml\u0259rinin m\u00fch\u00fcm elementl\u0259rind\u0259n biri d\u0259 k\u0259la\u011fay\u0131d\u0131r. K\u0259la\u011fay\u0131 ip\u0259k par\u00e7adan haz\u0131rlanan v\u0259 ba\u015f \u00f6rt\u00fcy\u00fc kimi istifad\u0259 edil\u0259n \u0259n\u0259n\u0259vi geyim elementidir. Bu \u00f6rt\u00fck yaln\u0131z geyim elementi deyil, h\u0259m d\u0259 qad\u0131n z\u0259rifliyinin v\u0259 milli m\u0259d\u0259niyy\u0259tin simvollar\u0131ndan biri hesab olunur. Az\u0259rbaycan\u0131n m\u00fcxt\u0259lif b\u00f6lg\u0259l\u0259rind\u0259 k\u0259la\u011fay\u0131lar\u0131n r\u0259ng v\u0259 nax\u0131\u015flar\u0131 f\u0259rqli m\u0259nalar da\u015f\u0131ya bil\u0259r.<\/p>\n<p>Bundan \u0259lav\u0259, qad\u0131n geyiml\u0259ri m\u00fcxt\u0259lif zin\u0259t \u0259\u015fyalar\u0131 il\u0259 tamamlan\u0131rd\u0131. Q\u0131z\u0131l v\u0259 g\u00fcm\u00fc\u015fd\u0259n haz\u0131rlanm\u0131\u015f boyunba\u011f\u0131lar, s\u0131r\u011falar, bil\u0259rzikl\u0259r v\u0259 k\u0259m\u0259rl\u0259r qad\u0131n geyiml\u0259rinin ayr\u0131lmaz hiss\u0259si olmu\u015fdur.<\/p>\n<p>K\u00f6yn\u0259k \u2013 Qad\u0131nlar\u0131n \u0259sas alt geyimi olub, ip\u0259k v\u0259 pamb\u0131q par\u00e7alardan haz\u0131rlan\u0131rd\u0131.<br \/>\nArxal\u0131q \u2013 Bel\u0259 q\u0259d\u0259r olan \u00fcst geyimi, b\u0259z\u0259n q\u0131z\u0131l saplarla i\u015fl\u0259nirdi.<br \/>\n\u00c7\u0259pk\u0259n \u2013 Q\u0131sa \u00fcst geyimi, daha \u00e7ox bayram v\u0259 m\u0259rasiml\u0259rd\u0259 istifad\u0259 olunurdu.<br \/>\nTuman \u2013 Qad\u0131nlar\u0131n uzun v\u0259 geni\u015f \u0259t\u0259yi.<br \/>\nK\u0259la\u011fay\u0131 \u2013 \u0130p\u0259kd\u0259n haz\u0131rlanan milli ba\u015f \u00f6rt\u00fcy\u00fc.<br \/>\n\u015eal \u2013 Ba\u015f v\u0259 ya \u00e7iyin \u00f6rt\u00fcy\u00fc kimi istifad\u0259 edil\u0259n par\u00e7a.<br \/>\nG\u00fcl\u0259c\u0259 \u2013 Nazik v\u0259 z\u0259rif \u00fcst geyim n\u00f6v\u00fc.<br \/>\nBahar\u0131 \u2013 Q\u0131sa \u00fcst geyimi, ad\u0259t\u0259n m\u0259xm\u0259rd\u0259n haz\u0131rlan\u0131rd\u0131.<br \/>\nK\u00fcrd\u00fc \u2013 Q\u0131\u015f \u00fc\u00e7\u00fcn n\u0259z\u0259rd\u0259 tutulmu\u015f qal\u0131n \u00fcst geyimi.<br \/>\nD\u0259mir\u00e7in \u2013 B\u0259zi b\u00f6lg\u0259l\u0259rd\u0259 istifad\u0259 olunan x\u00fcsusi qad\u0131n geyimi.<\/p>\n<h5>Ki\u015fi milli geyiml\u0259ri<\/h5>\n<p><img loading=\"lazy\" decoding=\"async\" class=\"size-medium wp-image-990 alignright\" src=\"https:\/\/www.azculture.az\/wp-content\/uploads\/2026\/04\/kisi-milli-geyimi-284x300.jpg\" alt=\"Ki\u015fi milli geyimi\" width=\"284\" height=\"300\" srcset=\"https:\/\/www.azculture.az\/wp-content\/uploads\/2026\/04\/kisi-milli-geyimi-284x300.jpg 284w, https:\/\/www.azculture.az\/wp-content\/uploads\/2026\/04\/kisi-milli-geyimi.jpg 500w\" sizes=\"auto, (max-width: 284px) 100vw, 284px\" \/>Az\u0259rbaycan ki\u015fil\u0259rinin milli geyiml\u0259ri sad\u0259liyi v\u0259 funksionall\u0131\u011f\u0131 il\u0259 yana\u015f\u0131, h\u0259m d\u0259 m\u00fc\u0259yy\u0259n sosial statusu \u0259ks etdirirdi. Ki\u015fi geyiml\u0259rinin \u0259sas elementl\u0259rin\u0259 k\u00f6yn\u0259k, \u015falvar, arxal\u0131q, \u00e7uxa v\u0259 papaq daxildir.<\/p>\n<p>X\u00fcsusil\u0259 \u00e7uxa Az\u0259rbaycan ki\u015fi geyiminin \u0259n m\u0259\u015fhur elementl\u0259rind\u0259n biridir. \u00c7uxa \u00fcst geyimi kimi istifad\u0259 olunurdu v\u0259 onun sin\u0259 hiss\u0259sind\u0259 g\u00fcll\u0259likl\u0259r yerl\u0259\u015firdi. Bu geyim h\u0259m g\u00fcnd\u0259lik h\u0259yatda, h\u0259m d\u0259 d\u00f6y\u00fc\u015f zaman\u0131 istifad\u0259 edilirdi.<\/p>\n<p>Ki\u015fi geyiminin dig\u0259r m\u00fch\u00fcm elementi is\u0259 papaqd\u0131r. Papaq Az\u0259rbaycan ki\u015fisinin \u015f\u0259r\u0259f v\u0259 l\u0259yaq\u0259t simvolu hesab olunurdu. Ke\u00e7mi\u015fd\u0259 papa\u011f\u0131n yer\u0259 d\u00fc\u015fm\u0259si v\u0259 ya itirilm\u0259si b\u00f6y\u00fck h\u00f6rm\u0259tsizlik kimi q\u0259bul edilirdi. Papaqlar m\u00fcxt\u0259lif n\u00f6vl\u0259rd\u0259 olurdu \u2013 qarag\u00fcl papaq, \u015fi\u015f papaq v\u0259 dig\u0259r formalar.<\/p>\n<p>K\u00f6yn\u0259k \u2013 Ki\u015fil\u0259rin \u0259sas alt geyimi.<br \/>\n\u015ealvar \u2013 Geni\u015f v\u0259 rahat ki\u015fi \u015falvar\u0131.<br \/>\nArxal\u0131q \u2013 Ki\u015fil\u0259rin \u00fcst geyim n\u00f6v\u00fc.<br \/>\n\u00c7uxa \u2013 Az\u0259rbaycan\u0131n \u0259n m\u0259\u015fhur ki\u015fi geyiml\u0259rind\u0259n biri.<br \/>\nQaba \u2013 \u00c7uxaya b\u0259nz\u0259r \u00fcst geyimi.<br \/>\nK\u00fcrk \u2013 Q\u0131\u015f aylar\u0131nda istifad\u0259 olunan isti geyim.<br \/>\nPapaq \u2013 Ki\u015fi ba\u015f geyimi v\u0259 \u015f\u0259r\u0259f simvolu.<br \/>\nAraq\u00e7\u0131n \u2013 Papa\u011f\u0131n alt\u0131nda geyil\u0259n ki\u00e7ik ba\u015f \u00f6rt\u00fcy\u00fc.<br \/>\nK\u0259m\u0259r \u2013 Geyimin ayr\u0131lmaz hiss\u0259si, b\u0259z\u0259n g\u00fcm\u00fc\u015fd\u0259n haz\u0131rlan\u0131rd\u0131.<br \/>\n\u00c7ar\u0131q \u2013 Ke\u00e7mi\u015fd\u0259 istifad\u0259 olunan \u0259n\u0259n\u0259vi ayaqqab\u0131.<br \/>\nM\u0259st \u2013 Ayaqqab\u0131n\u0131n i\u00e7ind\u0259 geyil\u0259n yum\u015faq corab tipli geyim.<\/p>\n<h5>Regional x\u00fcsusiyy\u0259tl\u0259r<\/h5>\n<p>Az\u0259rbaycan\u0131n m\u00fcxt\u0259lif b\u00f6lg\u0259l\u0259rind\u0259 milli geyiml\u0259rin formas\u0131 v\u0259 b\u0259z\u0259kl\u0259ri f\u0259rql\u0259nirdi. Qaraba\u011f, \u015e\u0259ki, \u015eirvan, Quba, Nax\u00e7\u0131van v\u0259 dig\u0259r b\u00f6lg\u0259l\u0259rd\u0259 istifad\u0259 olunan geyiml\u0259r \u00f6z\u00fcn\u0259m\u0259xsus nax\u0131\u015flar, r\u0259ngl\u0259r v\u0259 tikm\u0259 \u00fcslublar\u0131 il\u0259 se\u00e7ilirdi. Bu f\u0259rql\u0259r h\u0259min b\u00f6lg\u0259l\u0259rin tarixini v\u0259 m\u0259d\u0259ni x\u00fcsusiyy\u0259tl\u0259rini \u0259ks etdirirdi.<\/p>\n<p>M\u0259s\u0259l\u0259n, Qaraba\u011f b\u00f6lg\u0259sinin geyiml\u0259ri daha z\u0259ngin tikm\u0259l\u0259rl\u0259, \u015e\u0259ki v\u0259 \u015eirvan b\u00f6lg\u0259l\u0259rinin geyiml\u0259ri is\u0259 ip\u0259k par\u00e7alardan istifad\u0259 il\u0259 tan\u0131n\u0131rd\u0131.<\/p>\n<h5>Milli geyiml\u0259rin m\u00fcasir d\u00f6vrd\u0259 rolu<\/h5>\n<p>Bu g\u00fcn milli geyiml\u0259r g\u00fcnd\u0259lik h\u0259yat\u0131m\u0131zda geni\u015f istifad\u0259 olunmasa da, onlar\u0131n m\u0259d\u0259ni v\u0259 tarixi \u0259h\u0259miyy\u0259ti b\u00f6y\u00fckd\u00fcr. Milli geyiml\u0259r m\u00fcxt\u0259lif bayramlarda, folklor festivallar\u0131nda, konsert proqramlar\u0131nda v\u0259 m\u0259d\u0259ni t\u0259dbirl\u0259rd\u0259 n\u00fcmayi\u015f etdirilir.<\/p>\n<p>Eyni zamanda, milli geyim elementl\u0259ri m\u00fcasir moda s\u0259nayesind\u0259 d\u0259 istifad\u0259 olunma\u011fa ba\u015flam\u0131\u015fd\u0131r. Dizaynerl\u0259r milli ornamentl\u0259ri, tikm\u0259 elementl\u0259rini v\u0259 \u0259n\u0259n\u0259vi par\u00e7a \u00fcslublar\u0131n\u0131 m\u00fcasir geyiml\u0259rd\u0259 t\u0259tbiq ed\u0259r\u0259k milli m\u0259d\u0259niyy\u0259tin ya\u015famas\u0131na t\u00f6hf\u0259 verirl\u0259r.<\/p>\n<p>Az\u0259rbaycan milli geyiml\u0259ri xalq\u0131n tarixini, estetik z\u00f6vq\u00fcn\u00fc v\u0259 m\u0259d\u0259ni kimliyini \u0259ks etdir\u0259n m\u00fch\u00fcm irsdir. Bu geyiml\u0259r yaln\u0131z ke\u00e7mi\u015fin yadigar\u0131 deyil, h\u0259m d\u0259 xalq\u0131n milli yadda\u015f\u0131n\u0131n v\u0259 m\u0259d\u0259ni d\u0259y\u0259rl\u0259rinin simvoludur. Onlar\u0131n qorunmas\u0131, t\u0259dqiq olunmas\u0131 v\u0259 g\u0259l\u0259c\u0259k n\u0259sill\u0259r\u0259 \u00f6t\u00fcr\u00fclm\u0259si Az\u0259rbaycan m\u0259d\u0259niyy\u0259tinin davaml\u0131 inki\u015faf\u0131 \u00fc\u00e7\u00fcn b\u00f6y\u00fck \u0259h\u0259miyy\u0259t da\u015f\u0131y\u0131r.<\/p>\n","protected":false},"excerpt":{"rendered":"<p>Az\u0259rbaycan milli geyiml\u0259ri \u2013 xalq\u0131n estetik z\u00f6vq\u00fc v\u0259 tarixi kimliyi Az\u0259rbaycan xalq\u0131n\u0131n z\u0259ngin m\u0259d\u0259ni irsinin m\u00fch\u00fcm hiss\u0259l\u0259rind\u0259n biri d\u0259 milli geyiml\u0259rdir. Milli geyiml\u0259r yaln\u0131z g\u00fcnd\u0259lik istifad\u0259 olunan paltarlar deyil, h\u0259m d\u0259 xalq\u0131n tarixini, h\u0259yat t\u0259rzini, estetik z\u00f6vq\u00fcn\u00fc v\u0259 sosial m\u00fcnasib\u0259tl\u0259rini \u0259ks etdir\u0259n m\u00fch\u00fcm m\u0259d\u0259ni elementl\u0259rdir. \u018fsrl\u0259r boyu formala\u015fm\u0131\u015f Az\u0259rbaycan milli geyiml\u0259ri m\u00fcxt\u0259lif b\u00f6lg\u0259l\u0259rin iqlim \u015f\u0259raiti, [&hellip;]<\/p>\n","protected":false},"author":1,"featured_media":0,"parent":0,"menu_order":0,"comment_status":"closed","ping_status":"closed","template":"template-no-title.php","meta":{"footnotes":""},"class_list":["post-897","page","type-page","status-publish","hentry"],"_links":{"self":[{"href":"https:\/\/www.azculture.az\/index.php\/wp-json\/wp\/v2\/pages\/897","targetHints":{"allow":["GET"]}}],"collection":[{"href":"https:\/\/www.azculture.az\/index.php\/wp-json\/wp\/v2\/pages"}],"about":[{"href":"https:\/\/www.azculture.az\/index.php\/wp-json\/wp\/v2\/types\/page"}],"author":[{"embeddable":true,"href":"https:\/\/www.azculture.az\/index.php\/wp-json\/wp\/v2\/users\/1"}],"replies":[{"embeddable":true,"href":"https:\/\/www.azculture.az\/index.php\/wp-json\/wp\/v2\/comments?post=897"}],"version-history":[{"count":8,"href":"https:\/\/www.azculture.az\/index.php\/wp-json\/wp\/v2\/pages\/897\/revisions"}],"predecessor-version":[{"id":993,"href":"https:\/\/www.azculture.az\/index.php\/wp-json\/wp\/v2\/pages\/897\/revisions\/993"}],"wp:attachment":[{"href":"https:\/\/www.azculture.az\/index.php\/wp-json\/wp\/v2\/media?parent=897"}],"curies":[{"name":"wp","href":"https:\/\/api.w.org\/{rel}","templated":true}]}}