{"id":900,"date":"2026-03-29T20:59:25","date_gmt":"2026-03-29T16:59:25","guid":{"rendered":"https:\/\/www.azculture.az\/?page_id=900"},"modified":"2026-04-22T00:29:00","modified_gmt":"2026-04-21T20:29:00","slug":"traditions-customs","status":"publish","type":"page","link":"https:\/\/www.azculture.az\/index.php\/traditions-customs\/","title":{"rendered":"Ad\u0259t-\u0259n\u0259n\u0259"},"content":{"rendered":"<h4>Az\u0259rbaycan milli ad\u0259t-\u0259n\u0259n\u0259l\u0259ri \u2013 m\u0259n\u0259vi irsimiz<\/h4>\n<p>Az\u0259rbaycan xalq\u0131 q\u0259dim v\u0259 z\u0259ngin m\u0259d\u0259niyy\u0259t\u0259 malik xalqlardan biridir. Minillikl\u0259r boyu formala\u015fan bu m\u0259d\u0259niyy\u0259t yaln\u0131z maddi irsl\u0259 deyil, h\u0259m d\u0259 xalq\u0131n g\u00fcnd\u0259lik h\u0259yat\u0131nda, m\u0259rasiml\u0259rind\u0259 v\u0259 ictimai m\u00fcnasib\u0259tl\u0259rind\u0259 ya\u015famaqda davam ed\u0259n milli ad\u0259t-\u0259n\u0259n\u0259l\u0259rl\u0259 \u00f6z\u00fcn\u00fc g\u00f6st\u0259rir. Ad\u0259t v\u0259 \u0259n\u0259n\u0259l\u0259r h\u0259r bir xalq\u0131n tarixini, d\u00fc\u015f\u00fcnc\u0259 t\u0259rzini, m\u0259n\u0259vi d\u0259y\u0259rl\u0259rini v\u0259 sosial m\u00fcnasib\u0259tl\u0259r sistemini \u0259ks etdir\u0259n m\u00fch\u00fcm m\u0259d\u0259ni elementl\u0259rdir. Az\u0259rbaycan xalq\u0131n\u0131n milli ad\u0259t-\u0259n\u0259n\u0259l\u0259ri d\u0259 n\u0259sill\u0259r boyu qorunaraq bu g\u00fcn\u0259 q\u0259d\u0259r g\u0259lib \u00e7atm\u0131\u015f v\u0259 xalq\u0131n milli kimliyinin ayr\u0131lmaz hiss\u0259sin\u0259 \u00e7evrilmi\u015fdir.<\/p>\n<p>Milli ad\u0259t-\u0259n\u0259n\u0259l\u0259r insanlar\u0131n davran\u0131\u015f qaydalar\u0131n\u0131, ail\u0259 m\u00fcnasib\u0259tl\u0259rini, bayram v\u0259 m\u0259rasiml\u0259ri, g\u00fcnd\u0259lik h\u0259yat t\u0259rzini v\u0259 m\u0259n\u0259vi d\u0259y\u0259rl\u0259rini formala\u015fd\u0131ran sosial-m\u0259d\u0259ni normalard\u0131r. Bu \u0259n\u0259n\u0259l\u0259r \u0259srl\u0259r boyu xalq\u0131n h\u0259yat t\u0259cr\u00fcb\u0259si \u0259sas\u0131nda yaranm\u0131\u015f, zaman ke\u00e7dikc\u0259 z\u0259nginl\u0259\u015fmi\u015f v\u0259 yeni d\u00f6vrl\u0259r\u0259 uy\u011fun \u015f\u0259kild\u0259 inki\u015faf etmi\u015fdir. Az\u0259rbaycan xalq\u0131 \u00fc\u00e7\u00fcn bu \u0259n\u0259n\u0259l\u0259r yaln\u0131z ke\u00e7mi\u015fin yadigar\u0131 deyil, h\u0259m d\u0259 c\u0259miyy\u0259tin m\u0259n\u0259vi sabitliyini v\u0259 sosial harmoniyas\u0131n\u0131 qoruyan m\u00fch\u00fcm d\u0259y\u0259rl\u0259r sistemidir.<\/p>\n<h5>Qonaqp\u0259rv\u0259rlik<\/h5>\n<div id=\"attachment_1220\" style=\"width: 310px\" class=\"wp-caption alignleft\"><img loading=\"lazy\" decoding=\"async\" aria-describedby=\"caption-attachment-1220\" class=\"size-medium wp-image-1220\" src=\"https:\/\/www.azculture.az\/wp-content\/uploads\/2026\/04\/cay-300x193.jpg\" alt=\"\u00e7ay d\u0259stgah\u0131\" width=\"300\" height=\"193\" srcset=\"https:\/\/www.azculture.az\/wp-content\/uploads\/2026\/04\/cay-300x193.jpg 300w, https:\/\/www.azculture.az\/wp-content\/uploads\/2026\/04\/cay.jpg 680w\" sizes=\"auto, (max-width: 300px) 100vw, 300px\" \/><p id=\"caption-attachment-1220\" class=\"wp-caption-text\">\u00e7ay d\u0259stgah\u0131<\/p><\/div>\n<p>Az\u0259rbaycan xalq\u0131n\u0131n milli x\u00fcsusiyy\u0259tl\u0259rind\u0259n dan\u0131\u015fark\u0259n ilk n\u00f6vb\u0259d\u0259 qonaqp\u0259rv\u0259rlik \u0259n\u0259n\u0259sini qeyd etm\u0259k laz\u0131md\u0131r. Qona\u011fa h\u00f6rm\u0259t g\u00f6st\u0259rm\u0259k, onu \u0259n yax\u015f\u0131 \u015f\u0259kild\u0259 qar\u015f\u0131lamaq v\u0259 yola salmaq xalq\u0131m\u0131z\u0131n \u0259srl\u0259r boyu formala\u015fm\u0131\u015f m\u0259n\u0259vi d\u0259y\u0259rl\u0259rind\u0259n biridir. Tarix\u0259n Az\u0259rbaycan torpaqlar\u0131 m\u00fcxt\u0259lif ticar\u0259t yollar\u0131n\u0131n \u00fcz\u0259rind\u0259 yerl\u0259\u015fdiyind\u0259n bu \u0259razil\u0259rd\u0259n ke\u00e7\u0259n s\u0259yyahlar v\u0259 tacirl\u0259r yerli \u0259halinin qonaqp\u0259rv\u0259rliyini x\u00fcsusi vur\u011fulam\u0131\u015flar.<\/p>\n<p>Az\u0259rbaycan ail\u0259l\u0259rind\u0259 qonaq evin b\u0259r\u0259k\u0259ti v\u0259 h\u00f6rm\u0259tli \u015f\u0259xsi hesab olunur. Qonaq g\u0259l\u0259n zaman s\u00fcfr\u0259nin a\u00e7\u0131lmas\u0131, \u00e7ay s\u00fcfr\u0259sinin haz\u0131rlanmas\u0131 v\u0259 qona\u011fa \u0259n yax\u015f\u0131 nem\u0259tl\u0259rin t\u0259qdim olunmas\u0131 milli \u0259n\u0259n\u0259l\u0259rimizd\u0259 m\u00fch\u00fcm yer tutur. X\u00fcsusil\u0259 \u00e7ay s\u00fcfr\u0259si Az\u0259rbaycan m\u0259d\u0259niyy\u0259tinin simvollar\u0131ndan biri say\u0131l\u0131r. \u00c7ay s\u00fcfr\u0259si \u0259traf\u0131nda s\u0259mimi s\u00f6hb\u0259tl\u0259r aparmaq, qonaqlar\u0131 \u015firniyyat v\u0259 m\u00fcr\u0259bb\u0259l\u0259rl\u0259 qar\u015f\u0131lamaq xalq\u0131m\u0131z\u0131n q\u0259dim v\u0259 g\u00f6z\u0259l \u0259n\u0259n\u0259l\u0259rind\u0259ndir.<\/p>\n<h5>Novruz bayram\u0131 v\u0259 bahar \u0259n\u0259n\u0259l\u0259ri<\/h5>\n<div id=\"attachment_1221\" style=\"width: 310px\" class=\"wp-caption alignright\"><img loading=\"lazy\" decoding=\"async\" aria-describedby=\"caption-attachment-1221\" class=\"size-medium wp-image-1221\" src=\"https:\/\/www.azculture.az\/wp-content\/uploads\/2026\/04\/novruz-300x200.jpg\" alt=\"Novruz bayram\u0131 s\u00fcfr\u0259si\" width=\"300\" height=\"200\" srcset=\"https:\/\/www.azculture.az\/wp-content\/uploads\/2026\/04\/novruz-300x200.jpg 300w, https:\/\/www.azculture.az\/wp-content\/uploads\/2026\/04\/novruz-1024x683.jpg 1024w, https:\/\/www.azculture.az\/wp-content\/uploads\/2026\/04\/novruz-768x512.jpg 768w, https:\/\/www.azculture.az\/wp-content\/uploads\/2026\/04\/novruz-810x540.jpg 810w, https:\/\/www.azculture.az\/wp-content\/uploads\/2026\/04\/novruz-1140x760.jpg 1140w, https:\/\/www.azculture.az\/wp-content\/uploads\/2026\/04\/novruz.jpg 1200w\" sizes=\"auto, (max-width: 300px) 100vw, 300px\" \/><p id=\"caption-attachment-1221\" class=\"wp-caption-text\">Novruz bayram\u0131 s\u00fcfr\u0259si<\/p><\/div>\n<p>Az\u0259rbaycan xalq\u0131n\u0131n \u0259n q\u0259dim v\u0259 \u0259n sevimli bayramlar\u0131ndan biri Novruz bayram\u0131d\u0131r. Novruz bahar\u0131n g\u0259li\u015fini, t\u0259bi\u0259tin yenil\u0259nm\u0259sini v\u0259 yeni ilin ba\u015flanmas\u0131n\u0131 simvoliz\u0259 ed\u0259n q\u0259dim bir bayramd\u0131r. Bu bayram\u0131n tarixi minillikl\u0259r \u0259vv\u0259l\u0259 gedib \u00e7\u0131x\u0131r v\u0259 o, Az\u0259rbaycan xalq\u0131n\u0131n h\u0259yat\u0131nda x\u00fcsusi yer tutur.<\/p>\n<p>Novruz bayram\u0131na haz\u0131rl\u0131q bir ne\u00e7\u0259 h\u0259ft\u0259 \u0259vv\u0259l ba\u015flay\u0131r. Bu m\u00fcdd\u0259td\u0259 xalq aras\u0131nda d\u00f6rd \u00e7\u0259r\u015f\u0259nb\u0259 qeyd olunur: Su \u00e7\u0259r\u015f\u0259nb\u0259si, Od \u00e7\u0259r\u015f\u0259nb\u0259si, Yel \u00e7\u0259r\u015f\u0259nb\u0259si v\u0259 Torpaq \u00e7\u0259r\u015f\u0259nb\u0259si. Bu \u00e7\u0259r\u015f\u0259nb\u0259l\u0259r t\u0259bi\u0259tin oyan\u0131\u015f m\u0259rh\u0259l\u0259l\u0259rini simvoliz\u0259 edir v\u0259 h\u0259r biri \u00f6z\u00fcn\u0259m\u0259xsus m\u0259rasim v\u0259 inanclarla m\u00fc\u015fayi\u0259t olunur.<\/p>\n<p>Novruz bayram\u0131n\u0131n \u0259sas atributlar\u0131ndan biri s\u0259m\u0259nidir. S\u0259m\u0259ni bolluq, b\u0259r\u0259k\u0259t v\u0259 h\u0259yat\u0131n yenil\u0259nm\u0259si r\u0259mzi hesab olunur. Bayram s\u00fcfr\u0259sind\u0259 m\u00fcxt\u0259lif milli \u015firniyyatlar \u2013 \u015f\u0259k\u0259rbura, paxlava, qo\u011fal v\u0259 dig\u0259r t\u0259amlar haz\u0131rlan\u0131r. Tonqal qalamaq, papaqatd\u0131, yumurta d\u00f6y\u00fc\u015fd\u00fcrm\u0259k v\u0259 m\u00fcxt\u0259lif xalq oyunlar\u0131 Novruz bayram\u0131n\u0131n ayr\u0131lmaz hiss\u0259sidir.<\/p>\n<p>Bu g\u00fcn Novruz bayram\u0131 t\u0259kc\u0259 Az\u0259rbaycan xalq\u0131n\u0131n deyil, bir \u00e7ox xalqlar\u0131n ortaq m\u0259d\u0259ni irsi kimi tan\u0131n\u0131r v\u0259 UNESCO t\u0259r\u0259find\u0259n qeyri-maddi m\u0259d\u0259ni irs siyah\u0131s\u0131na daxil edilmi\u015fdir.<\/p>\n<h5>Toy m\u0259rasiml\u0259ri v\u0259 ail\u0259 \u0259n\u0259n\u0259l\u0259ri<\/h5>\n<div id=\"attachment_1222\" style=\"width: 310px\" class=\"wp-caption alignleft\"><img loading=\"lazy\" decoding=\"async\" aria-describedby=\"caption-attachment-1222\" class=\"size-medium wp-image-1222\" src=\"https:\/\/www.azculture.az\/wp-content\/uploads\/2026\/04\/elcilik-300x170.jpg\" alt=\"Az\u0259rbaycanda el\u00e7ilik m\u0259rasimi\" width=\"300\" height=\"170\" srcset=\"https:\/\/www.azculture.az\/wp-content\/uploads\/2026\/04\/elcilik-300x170.jpg 300w, https:\/\/www.azculture.az\/wp-content\/uploads\/2026\/04\/elcilik.jpg 548w\" sizes=\"auto, (max-width: 300px) 100vw, 300px\" \/><p id=\"caption-attachment-1222\" class=\"wp-caption-text\">Az\u0259rbaycanda el\u00e7ilik m\u0259rasimi<\/p><\/div>\n<p>Az\u0259rbaycan xalq\u0131n\u0131n milli ad\u0259t-\u0259n\u0259n\u0259l\u0259ri aras\u0131nda toy m\u0259rasiml\u0259ri x\u00fcsusi yer tutur. Toy m\u0259rasiml\u0259ri yaln\u0131z iki g\u0259ncin ail\u0259 qurmas\u0131 deyil, h\u0259m d\u0259 ail\u0259l\u0259r v\u0259 qohumlar aras\u0131nda sosial \u0259laq\u0259l\u0259rin m\u00f6hk\u0259ml\u0259nm\u0259si bax\u0131m\u0131ndan m\u00fch\u00fcm \u0259h\u0259miyy\u0259t da\u015f\u0131y\u0131r.<\/p>\n<p>\u018fn\u0259n\u0259vi Az\u0259rbaycan toylar\u0131 bir ne\u00e7\u0259 m\u0259rh\u0259l\u0259d\u0259n ibar\u0259t olur. Bu m\u0259rh\u0259l\u0259l\u0259r\u0259 q\u0131z ist\u0259m\u0259, el\u00e7ilik, ni\u015fan m\u0259rasimi, x\u0131na gec\u0259si v\u0259 toy \u015f\u0259nliyi daxildir. Q\u0131z ist\u0259m\u0259 m\u0259rasimind\u0259 o\u011flan t\u0259r\u0259fi q\u0131z evin\u0259 ged\u0259r\u0259k ail\u0259l\u0259rin raz\u0131l\u0131\u011f\u0131n\u0131 \u0259ld\u0259 edir. Bundan sonra ni\u015fan m\u0259rasimi ke\u00e7irilir v\u0259 g\u0259ncl\u0259rin r\u0259smi \u015f\u0259kild\u0259 ni\u015fanlanmas\u0131 ba\u015f verir.<\/p>\n<p>Toydan \u0259vv\u0259l ke\u00e7iril\u0259n x\u0131na gec\u0259si is\u0259 Az\u0259rbaycan m\u0259d\u0259niyy\u0259tind\u0259 x\u00fcsusi \u0259h\u0259miyy\u0259t\u0259 malikdir. Bu m\u0259rasimd\u0259 g\u0259lin\u0259 x\u0131na yax\u0131l\u0131r, xalq mahn\u0131lar\u0131 oxunur v\u0259 m\u00fcxt\u0259lif folklor elementl\u0259ri n\u00fcmayi\u015f etdirilir. Toy \u015f\u0259nlikl\u0259ri is\u0259 milli musiqi, r\u0259qsl\u0259r v\u0259 z\u0259ngin s\u00fcfr\u0259 il\u0259 m\u00fc\u015fayi\u0259t olunur.<\/p>\n<h5>Milli m\u0259tb\u0259x v\u0259 s\u00fcfr\u0259 m\u0259d\u0259niyy\u0259ti<\/h5>\n<div id=\"attachment_1223\" style=\"width: 310px\" class=\"wp-caption alignright\"><img loading=\"lazy\" decoding=\"async\" aria-describedby=\"caption-attachment-1223\" class=\"size-medium wp-image-1223\" src=\"https:\/\/www.azculture.az\/wp-content\/uploads\/2026\/04\/milli-metbex-300x205.jpg\" alt=\"Milli m\u0259tb\u0259x\" width=\"300\" height=\"205\" srcset=\"https:\/\/www.azculture.az\/wp-content\/uploads\/2026\/04\/milli-metbex-300x205.jpg 300w, https:\/\/www.azculture.az\/wp-content\/uploads\/2026\/04\/milli-metbex-768x524.jpg 768w, https:\/\/www.azculture.az\/wp-content\/uploads\/2026\/04\/milli-metbex-810x553.jpg 810w, https:\/\/www.azculture.az\/wp-content\/uploads\/2026\/04\/milli-metbex-145x100.jpg 145w, https:\/\/www.azculture.az\/wp-content\/uploads\/2026\/04\/milli-metbex-380x260.jpg 380w, https:\/\/www.azculture.az\/wp-content\/uploads\/2026\/04\/milli-metbex.jpg 923w\" sizes=\"auto, (max-width: 300px) 100vw, 300px\" \/><p id=\"caption-attachment-1223\" class=\"wp-caption-text\">Milli m\u0259tb\u0259x<\/p><\/div>\n<p>Az\u0259rbaycan m\u0259d\u0259niyy\u0259tind\u0259 s\u00fcfr\u0259 v\u0259 yem\u0259k \u0259n\u0259n\u0259l\u0259ri d\u0259 m\u00fch\u00fcm yer tutur. Az\u0259rbaycan m\u0259tb\u0259xi d\u00fcnyan\u0131n \u0259n z\u0259ngin m\u0259tb\u0259xl\u0259rind\u0259n biri hesab olunur v\u0259 y\u00fczl\u0259rl\u0259 m\u00fcxt\u0259lif yem\u0259k n\u00f6v\u00fcn\u00fc \u00f6z\u00fcnd\u0259 birl\u0259\u015fdirir. Plov, dolma, qutab, piti, kabab kimi yem\u0259kl\u0259r milli m\u0259tb\u0259xin m\u0259\u015fhur n\u00fcmun\u0259l\u0259ridir.<\/p>\n<p>S\u00fcfr\u0259 m\u0259d\u0259niyy\u0259ti is\u0259 Az\u0259rbaycan xalq\u0131n\u0131n qonaqp\u0259rv\u0259rliyini v\u0259 ail\u0259 m\u00fcnasib\u0259tl\u0259rini \u0259ks etdir\u0259n m\u00fch\u00fcm elementl\u0259rd\u0259n biridir. S\u00fcfr\u0259 ba\u015f\u0131nda b\u00f6y\u00fckl\u0259r\u0259 h\u00f6rm\u0259t g\u00f6st\u0259rm\u0259k, yem\u0259kl\u0259rin payla\u015f\u0131lmas\u0131 v\u0259 birlikd\u0259 yem\u0259k \u0259n\u0259n\u0259si ail\u0259 v\u0259 ictimai m\u00fcnasib\u0259tl\u0259rin m\u00f6hk\u0259ml\u0259nm\u0259sin\u0259 xidm\u0259t edir.<\/p>\n<h5>Yas v\u0259 xatir\u0259 m\u0259rasiml\u0259ri<\/h5>\n<p>Az\u0259rbaycan xalq\u0131n\u0131n m\u0259rasim m\u0259d\u0259niyy\u0259tind\u0259 yas v\u0259 xatir\u0259 m\u0259rasiml\u0259ri d\u0259 x\u00fcsusi yer tutur. Bu m\u0259rasiml\u0259rd\u0259 m\u0259rhumun xatir\u0259si yad edilir, ail\u0259 \u00fczvl\u0259rin\u0259 v\u0259 yax\u0131nlar\u0131na m\u0259n\u0259vi d\u0259st\u0259k g\u00f6st\u0259rilir. Yas m\u0259rasiml\u0259ri h\u0259m d\u0259 c\u0259miyy\u0259tin h\u0259mr\u0259ylik v\u0259 birlik prinsipl\u0259rini n\u00fcmayi\u015f etdir\u0259n m\u00fch\u00fcm sosial hadis\u0259dir.<\/p>\n<p>Bu m\u0259rasiml\u0259rd\u0259 insanlar\u0131n bir-birin\u0259 d\u0259st\u0259k olmas\u0131, m\u0259rhumun xatir\u0259sinin h\u00f6rm\u0259tl\u0259 yad edilm\u0259si v\u0259 ail\u0259y\u0259 t\u0259s\u0259lli verilm\u0259si Az\u0259rbaycan xalq\u0131n\u0131n m\u0259n\u0259vi d\u0259y\u0259rl\u0259rinin bariz n\u00fcmun\u0259sidir.<\/p>\n<h5>Milli d\u0259y\u0259rl\u0259rin qorunmas\u0131 v\u0259 g\u0259l\u0259c\u0259k n\u0259sill\u0259r\u0259 \u00f6t\u00fcr\u00fclm\u0259si<\/h5>\n<p>M\u00fcasir d\u00f6vrd\u0259 qloballa\u015fma prosesl\u0259ri bir \u00e7ox xalqlar\u0131n m\u0259d\u0259niyy\u0259tin\u0259 t\u0259sir g\u00f6st\u0259rs\u0259 d\u0259, Az\u0259rbaycan xalq\u0131 \u00f6z milli ad\u0259t-\u0259n\u0259n\u0259l\u0259rini qoruma\u011fa v\u0259 inki\u015faf etdirm\u0259y\u0259 b\u00f6y\u00fck diqq\u0259t yetirir. D\u00f6vl\u0259t t\u0259r\u0259find\u0259n milli-m\u0259d\u0259ni irsin qorunmas\u0131, folklor n\u00fcmun\u0259l\u0259rinin toplanmas\u0131 v\u0259 t\u0259bli\u011fi istiqam\u0259tind\u0259 m\u00fcxt\u0259lif layih\u0259l\u0259r h\u0259yata ke\u00e7irilir.<\/p>\n<p>Eyni zamanda, t\u0259hsil m\u00fc\u0259ssis\u0259l\u0259rind\u0259, m\u0259d\u0259niyy\u0259t ocaqlar\u0131nda v\u0259 ictimai t\u0259\u015fkilatlarda milli ad\u0259t-\u0259n\u0259n\u0259l\u0259rin \u00f6yr\u0259nilm\u0259si v\u0259 t\u0259bli\u011fi geni\u015f \u015f\u0259kild\u0259 apar\u0131l\u0131r. Bu f\u0259aliyy\u0259tl\u0259r g\u0259l\u0259c\u0259k n\u0259sill\u0259rin \u00f6z milli kimliyini tan\u0131mas\u0131na v\u0259 m\u0259d\u0259ni irs\u0259 sahib \u00e7\u0131xmas\u0131na xidm\u0259t edir.<\/p>\n<p>Az\u0259rbaycan milli ad\u0259t-\u0259n\u0259n\u0259l\u0259ri xalq\u0131n tarixini, m\u0259n\u0259vi d\u00fcnyas\u0131n\u0131 v\u0259 h\u0259yat f\u0259ls\u0259f\u0259sini \u0259ks etdir\u0259n qiym\u0259tli m\u0259d\u0259ni irsdir. Bu \u0259n\u0259n\u0259l\u0259r \u0259srl\u0259r boyu formala\u015fm\u0131\u015f v\u0259 xalq\u0131n g\u00fcnd\u0259lik h\u0259yat\u0131nda ya\u015famaqda davam etmi\u015fdir. Qonaqp\u0259rv\u0259rlik, ail\u0259 d\u0259y\u0259rl\u0259ri, bayramlar, m\u0259rasiml\u0259r v\u0259 s\u00fcfr\u0259 m\u0259d\u0259niyy\u0259ti Az\u0259rbaycan xalq\u0131n\u0131n z\u0259ngin m\u0259d\u0259niyy\u0259tinin ayr\u0131lmaz hiss\u0259sidir.<\/p>\n<p>Bu g\u00fcn milli ad\u0259t-\u0259n\u0259n\u0259l\u0259rin qorunmas\u0131 v\u0259 g\u0259l\u0259c\u0259k n\u0259sill\u0259r\u0259 \u00f6t\u00fcr\u00fclm\u0259si c\u0259miyy\u0259tin m\u00fch\u00fcm v\u0259zif\u0259l\u0259rind\u0259n biridir. \u00c7\u00fcnki milli m\u0259d\u0259ni irs yaln\u0131z ke\u00e7mi\u015fin yadigar\u0131 deyil, h\u0259m d\u0259 xalq\u0131n g\u0259l\u0259c\u0259yinin m\u0259n\u0259vi daya\u011f\u0131d\u0131r.<\/p>\n","protected":false},"excerpt":{"rendered":"<p>Az\u0259rbaycan milli ad\u0259t-\u0259n\u0259n\u0259l\u0259ri \u2013 m\u0259n\u0259vi irsimiz Az\u0259rbaycan xalq\u0131 q\u0259dim v\u0259 z\u0259ngin m\u0259d\u0259niyy\u0259t\u0259 malik xalqlardan biridir. Minillikl\u0259r boyu formala\u015fan bu m\u0259d\u0259niyy\u0259t yaln\u0131z maddi irsl\u0259 deyil, h\u0259m d\u0259 xalq\u0131n g\u00fcnd\u0259lik h\u0259yat\u0131nda, m\u0259rasiml\u0259rind\u0259 v\u0259 ictimai m\u00fcnasib\u0259tl\u0259rind\u0259 ya\u015famaqda davam ed\u0259n milli ad\u0259t-\u0259n\u0259n\u0259l\u0259rl\u0259 \u00f6z\u00fcn\u00fc g\u00f6st\u0259rir. Ad\u0259t v\u0259 \u0259n\u0259n\u0259l\u0259r h\u0259r bir xalq\u0131n tarixini, d\u00fc\u015f\u00fcnc\u0259 t\u0259rzini, m\u0259n\u0259vi d\u0259y\u0259rl\u0259rini v\u0259 sosial m\u00fcnasib\u0259tl\u0259r sistemini [&hellip;]<\/p>\n","protected":false},"author":1,"featured_media":0,"parent":0,"menu_order":0,"comment_status":"closed","ping_status":"closed","template":"template-no-title.php","meta":{"footnotes":""},"class_list":["post-900","page","type-page","status-publish","hentry"],"_links":{"self":[{"href":"https:\/\/www.azculture.az\/index.php\/wp-json\/wp\/v2\/pages\/900","targetHints":{"allow":["GET"]}}],"collection":[{"href":"https:\/\/www.azculture.az\/index.php\/wp-json\/wp\/v2\/pages"}],"about":[{"href":"https:\/\/www.azculture.az\/index.php\/wp-json\/wp\/v2\/types\/page"}],"author":[{"embeddable":true,"href":"https:\/\/www.azculture.az\/index.php\/wp-json\/wp\/v2\/users\/1"}],"replies":[{"embeddable":true,"href":"https:\/\/www.azculture.az\/index.php\/wp-json\/wp\/v2\/comments?post=900"}],"version-history":[{"count":10,"href":"https:\/\/www.azculture.az\/index.php\/wp-json\/wp\/v2\/pages\/900\/revisions"}],"predecessor-version":[{"id":1225,"href":"https:\/\/www.azculture.az\/index.php\/wp-json\/wp\/v2\/pages\/900\/revisions\/1225"}],"wp:attachment":[{"href":"https:\/\/www.azculture.az\/index.php\/wp-json\/wp\/v2\/media?parent=900"}],"curies":[{"name":"wp","href":"https:\/\/api.w.org\/{rel}","templated":true}]}}