{"id":902,"date":"2026-03-29T20:59:56","date_gmt":"2026-03-29T16:59:56","guid":{"rendered":"https:\/\/www.azculture.az\/?page_id=902"},"modified":"2026-04-22T08:44:52","modified_gmt":"2026-04-22T04:44:52","slug":"regions","status":"publish","type":"page","link":"https:\/\/www.azculture.az\/index.php\/regions\/","title":{"rendered":"Regionlar"},"content":{"rendered":"<h4>Regionlar<\/h4>\n<p>Az\u0259rbaycan\u0131n m\u00fcxt\u0259lif b\u00f6lg\u0259l\u0259ri \u00f6z\u00fcn\u0259m\u0259xsus milli geyim \u0259n\u0259n\u0259l\u0259ri il\u0259 se\u00e7ilir. Tarix\u0259n bu geyiml\u0259r b\u00f6lg\u0259nin iqlim \u015f\u0259raiti, iqtisadi h\u0259yat\u0131, s\u0259n\u0259tkarl\u0131q \u0259n\u0259n\u0259l\u0259ri v\u0259 estetik z\u00f6vq\u00fc il\u0259 formala\u015fm\u0131\u015fd\u0131r. Qaraba\u011f, \u015e\u0259ki, Nax\u00e7\u0131van v\u0259 Quba b\u00f6lg\u0259l\u0259ri milli geyim m\u0259d\u0259niyy\u0259tinin \u0259n z\u0259ngin n\u00fcmun\u0259l\u0259rini qoruyub saxlayan \u0259razil\u0259rd\u0259n hesab olunur.<\/p>\n<h5>Qaraba\u011f b\u00f6lg\u0259si<\/h5>\n<div id=\"attachment_1273\" style=\"width: 310px\" class=\"wp-caption alignleft\"><img loading=\"lazy\" decoding=\"async\" aria-describedby=\"caption-attachment-1273\" class=\"size-medium wp-image-1273\" src=\"https:\/\/www.azculture.az\/wp-content\/uploads\/2026\/04\/qarabag-geyimleri-300x225.jpeg\" alt=\"Qaraba\u011f b\u00f6lg\u0259sinin milli geyiml\u0259ri\" width=\"300\" height=\"225\" srcset=\"https:\/\/www.azculture.az\/wp-content\/uploads\/2026\/04\/qarabag-geyimleri-300x225.jpeg 300w, https:\/\/www.azculture.az\/wp-content\/uploads\/2026\/04\/qarabag-geyimleri-1024x768.jpeg 1024w, https:\/\/www.azculture.az\/wp-content\/uploads\/2026\/04\/qarabag-geyimleri-768x576.jpeg 768w, https:\/\/www.azculture.az\/wp-content\/uploads\/2026\/04\/qarabag-geyimleri-1536x1152.jpeg 1536w, https:\/\/www.azculture.az\/wp-content\/uploads\/2026\/04\/qarabag-geyimleri-2048x1536.jpeg 2048w, https:\/\/www.azculture.az\/wp-content\/uploads\/2026\/04\/qarabag-geyimleri-810x608.jpeg 810w, https:\/\/www.azculture.az\/wp-content\/uploads\/2026\/04\/qarabag-geyimleri-1140x855.jpeg 1140w\" sizes=\"auto, (max-width: 300px) 100vw, 300px\" \/><p id=\"caption-attachment-1273\" class=\"wp-caption-text\">Qaraba\u011f b\u00f6lg\u0259sinin milli geyiml\u0259ri<\/p><\/div>\n<p>Qaraba\u011f b\u00f6lg\u0259si Az\u0259rbaycan m\u0259d\u0259niyy\u0259tinin \u0259n z\u0259ngin m\u0259rk\u0259zl\u0259rind\u0259n biri olmu\u015fdur. Bu b\u00f6lg\u0259nin milli geyiml\u0259ri x\u00fcsusil\u0259 m\u0259xm\u0259r par\u00e7a, q\u0131z\u0131l\u0131 tikm\u0259l\u0259r v\u0259 z\u0259ngin ornamentl\u0259r il\u0259 se\u00e7ilirdi.<\/p>\n<p>Qaraba\u011f qad\u0131n geyiml\u0259ri ad\u0259t\u0259n t\u00fcnd v\u0259 parlaq r\u0259ngl\u0259rd\u0259n haz\u0131rlan\u0131rd\u0131. M\u0259xm\u0259rd\u0259n tikilmi\u015f arxal\u0131q, geni\u015f tuman, inc\u0259 tikm\u0259li \u00e7\u0259pk\u0259n v\u0259 ip\u0259k k\u0259la\u011fay\u0131 bu geyiml\u0259rin \u0259sas elementl\u0259ri idi. Qad\u0131nlar geyiml\u0259rini g\u00fcm\u00fc\u015f k\u0259m\u0259rl\u0259r, boyunba\u011f\u0131lar v\u0259 dig\u0259r zin\u0259t \u0259\u015fyalar\u0131 il\u0259 tamamlay\u0131rd\u0131lar.<\/p>\n<p>Ki\u015fi geyiml\u0259rind\u0259 is\u0259 \u00e7uxa, arxal\u0131q, geni\u015f \u015falvar v\u0259 qarag\u00fcl papaq \u0259sas yer tuturdu. Qaraba\u011f \u00e7uxalar\u0131 b\u0259z\u0259n x\u00fcsusi nax\u0131\u015flarla i\u015fl\u0259nir v\u0259 m\u0259rasiml\u0259rd\u0259 istifad\u0259 olunurdu.<\/p>\n<div id=\"attachment_1278\" style=\"width: 310px\" class=\"wp-caption alignright\"><img loading=\"lazy\" decoding=\"async\" aria-describedby=\"caption-attachment-1278\" class=\"size-medium wp-image-1278\" src=\"https:\/\/www.azculture.az\/wp-content\/uploads\/2026\/04\/plov-300x182.jpg\" alt=\"plov\" width=\"300\" height=\"182\" srcset=\"https:\/\/www.azculture.az\/wp-content\/uploads\/2026\/04\/plov-300x182.jpg 300w, https:\/\/www.azculture.az\/wp-content\/uploads\/2026\/04\/plov-768x467.jpg 768w, https:\/\/www.azculture.az\/wp-content\/uploads\/2026\/04\/plov-810x492.jpg 810w, https:\/\/www.azculture.az\/wp-content\/uploads\/2026\/04\/plov.jpg 1000w\" sizes=\"auto, (max-width: 300px) 100vw, 300px\" \/><p id=\"caption-attachment-1278\" class=\"wp-caption-text\">plov<\/p><\/div>\n<p>Qaraba\u011f b\u00f6lg\u0259si q\u0259dim v\u0259 z\u0259ngin kulinariya \u0259n\u0259n\u0259l\u0259ri il\u0259 tan\u0131n\u0131r. Burada haz\u0131rlanan yem\u0259kl\u0259r \u0259sas\u0259n \u0259t, s\u00fcd m\u0259hsullar\u0131 v\u0259 t\u0259bii k\u0259nd t\u0259s\u0259rr\u00fcfat\u0131 m\u0259hsullar\u0131na \u0259saslan\u0131r. Qaraba\u011f plovlar\u0131 \u00f6z m\u00fcxt\u0259lifliyi v\u0259 z\u0259nginliyi il\u0259 se\u00e7ilir, m\u00fcxt\u0259lif meyv\u0259 v\u0259 \u0259dviyy\u0259l\u0259rl\u0259 haz\u0131rlanaraq x\u00fcsusi dad \u0259ld\u0259 edir. Bundan \u0259lav\u0259, k\u0259t\u0259 v\u0259 m\u00fcxt\u0259lif \u0259tli x\u00f6r\u0259kl\u0259r d\u0259 bu b\u00f6lg\u0259nin m\u0259tb\u0259xind\u0259 m\u00fch\u00fcm yer tutur. Qaraba\u011f m\u0259tb\u0259xi h\u0259m d\u0259 qonaqp\u0259rv\u0259rlik \u0259n\u0259n\u0259l\u0259rinin g\u00fccl\u00fc \u015f\u0259kild\u0259 qorundu\u011fu bir m\u00fchitd\u0259 formala\u015fm\u0131\u015fd\u0131r.<\/p>\n<p>&nbsp;<\/p>\n<h5>\u015e\u0259ki b\u00f6lg\u0259si<\/h5>\n<div id=\"attachment_1274\" style=\"width: 294px\" class=\"wp-caption alignleft\"><img loading=\"lazy\" decoding=\"async\" aria-describedby=\"caption-attachment-1274\" class=\"size-full wp-image-1274\" src=\"https:\/\/www.azculture.az\/wp-content\/uploads\/2026\/04\/seki-milli-geyim.jpg\" alt=\"\u015e\u0259ki b\u00f6lg\u0259sinin milli geyiml\u0259ri\" width=\"284\" height=\"177\" \/><p id=\"caption-attachment-1274\" class=\"wp-caption-text\">\u015e\u0259ki b\u00f6lg\u0259sinin milli geyiml\u0259ri<\/p><\/div>\n<p>\u015e\u0259ki q\u0259dim ip\u0259k\u00e7ilik v\u0259 s\u0259n\u0259tkarl\u0131q m\u0259rk\u0259zl\u0259rind\u0259n biri olmu\u015fdur. Bu s\u0259b\u0259bd\u0259n \u015e\u0259ki milli geyiml\u0259ri \u0259sas\u0259n ip\u0259k v\u0259 atlas par\u00e7alardan haz\u0131rlan\u0131rd\u0131.<\/p>\n<p>\u015e\u0259ki qad\u0131n geyiml\u0259rinin \u0259sas x\u00fcsusiyy\u0259tl\u0259rind\u0259n biri onlar\u0131n z\u0259rif v\u0259 y\u00fcng\u00fcl olmas\u0131d\u0131r. Qad\u0131nlar ip\u0259k k\u00f6yn\u0259k, tuman, \u00e7\u0259pk\u0259n v\u0259 m\u00fcxt\u0259lif r\u0259ngli k\u0259la\u011fay\u0131 istifad\u0259 edirdil\u0259r. Geyiml\u0259r inc\u0259 tikm\u0259l\u0259r v\u0259 ornamentl\u0259rl\u0259 b\u0259z\u0259dilirdi.<\/p>\n<p>\u015e\u0259ki ki\u015fi geyiml\u0259ri d\u0259 sad\u0259, lakin z\u0259rif \u00fcsluba malik idi. Arxal\u0131q, \u015falvar, \u00e7uxa v\u0259 papaq bu geyiml\u0259rin \u0259sas elementl\u0259ri say\u0131l\u0131rd\u0131.<\/p>\n<div id=\"attachment_1281\" style=\"width: 249px\" class=\"wp-caption alignright\"><img loading=\"lazy\" decoding=\"async\" aria-describedby=\"caption-attachment-1281\" class=\"size-full wp-image-1281\" src=\"https:\/\/www.azculture.az\/wp-content\/uploads\/2026\/04\/halva.jpg\" alt=\"\u015e\u0259ki halvas\u0131\" width=\"239\" height=\"211\" \/><p id=\"caption-attachment-1281\" class=\"wp-caption-text\">\u015e\u0259ki halvas\u0131<\/p><\/div>\n<p>\u015e\u0259ki b\u00f6lg\u0259si is\u0259 Az\u0259rbaycan m\u0259tb\u0259xinin \u0259n tan\u0131nm\u0131\u015f kulinariya m\u0259rk\u0259zl\u0259rind\u0259n biridir. Bu b\u00f6lg\u0259 x\u00fcsusil\u0259 \u015firniyyatlar\u0131 il\u0259 m\u0259\u015fhurdur. <span class=\"hover:entity-accent entity-underline inline cursor-pointer align-baseline\"><span class=\"whitespace-normal\">\u015e\u0259ki halvas\u0131<\/span><\/span> \u00f6z inc\u0259 qurulu\u015fu v\u0259 z\u0259ngin i\u00e7liyi il\u0259 se\u00e7ilir v\u0259 x\u00fcsusi ustal\u0131q t\u0259l\u0259b edir. Eyni zamanda piti kimi saxs\u0131 qabda uzun m\u00fcdd\u0259t bi\u015firil\u0259n yem\u0259kl\u0259r \u015e\u0259ki m\u0259tb\u0259xinin \u0259sas n\u00fcmun\u0259l\u0259rind\u0259ndir. Bu b\u00f6lg\u0259d\u0259 qoz, bal v\u0259 m\u00fcxt\u0259lif \u0259dviyy\u0259l\u0259rin istifad\u0259si geni\u015f yay\u0131lm\u0131\u015fd\u0131r v\u0259 yem\u0259kl\u0259r\u0259 f\u0259rqli l\u0259zz\u0259t qat\u0131r.<\/p>\n<h5>Nax\u00e7\u0131van b\u00f6lg\u0259si<\/h5>\n<div id=\"attachment_1275\" style=\"width: 310px\" class=\"wp-caption alignleft\"><img loading=\"lazy\" decoding=\"async\" aria-describedby=\"caption-attachment-1275\" class=\"size-medium wp-image-1275\" src=\"https:\/\/www.azculture.az\/wp-content\/uploads\/2026\/04\/naxcivan-geyim-300x208.jpg\" alt=\"Nax\u00e7\u0131van b\u00f6lg\u0259sinin milli geyiml\u0259ri\" width=\"300\" height=\"208\" srcset=\"https:\/\/www.azculture.az\/wp-content\/uploads\/2026\/04\/naxcivan-geyim-300x208.jpg 300w, https:\/\/www.azculture.az\/wp-content\/uploads\/2026\/04\/naxcivan-geyim-768x532.jpg 768w, https:\/\/www.azculture.az\/wp-content\/uploads\/2026\/04\/naxcivan-geyim-145x100.jpg 145w, https:\/\/www.azculture.az\/wp-content\/uploads\/2026\/04\/naxcivan-geyim.jpg 800w\" sizes=\"auto, (max-width: 300px) 100vw, 300px\" \/><p id=\"caption-attachment-1275\" class=\"wp-caption-text\">Nax\u00e7\u0131van b\u00f6lg\u0259sinin milli geyiml\u0259ri<\/p><\/div>\n<p>Nax\u00e7\u0131van b\u00f6lg\u0259si q\u0259dim tarix\u0259 v\u0259 z\u0259ngin m\u0259d\u0259ni irs\u0259 malikdir. Bu b\u00f6lg\u0259nin milli geyiml\u0259ri sad\u0259liyi v\u0259 funksionall\u0131\u011f\u0131 il\u0259 se\u00e7ilir.<\/p>\n<p>Qad\u0131n geyiml\u0259rind\u0259 uzun k\u00f6yn\u0259kl\u0259r, geni\u015f tumanlar, arxal\u0131q v\u0259 k\u0259la\u011fay\u0131 \u0259sas yer tuturdu. Bu geyiml\u0259r ad\u0259t\u0259n t\u00fcnd r\u0259ngl\u0259rd\u0259n haz\u0131rlan\u0131r v\u0259 \u00fcz\u0259ri sad\u0259 ornamentl\u0259rl\u0259 b\u0259z\u0259dilirdi.<\/p>\n<p>Ki\u015fi geyiml\u0259ri is\u0259 iqlim \u015f\u0259raitin\u0259 uy\u011fun olaraq daha qal\u0131n par\u00e7alardan haz\u0131rlan\u0131rd\u0131. \u00c7uxa, k\u00fcrk, \u015falvar v\u0259 papaq Nax\u00e7\u0131van ki\u015fi geyiml\u0259rinin \u0259sas elementl\u0259ri hesab olunurdu.<\/p>\n<div id=\"attachment_1283\" style=\"width: 310px\" class=\"wp-caption alignright\"><img loading=\"lazy\" decoding=\"async\" aria-describedby=\"caption-attachment-1283\" class=\"size-medium wp-image-1283\" src=\"https:\/\/www.azculture.az\/wp-content\/uploads\/2026\/04\/dovga-300x168.jpg\" alt=\"Nax\u00e7\u0131van dov\u011fas\u0131\" width=\"300\" height=\"168\" srcset=\"https:\/\/www.azculture.az\/wp-content\/uploads\/2026\/04\/dovga-300x168.jpg 300w, https:\/\/www.azculture.az\/wp-content\/uploads\/2026\/04\/dovga.jpg 700w\" sizes=\"auto, (max-width: 300px) 100vw, 300px\" \/><p id=\"caption-attachment-1283\" class=\"wp-caption-text\">Nax\u00e7\u0131van dov\u011fas\u0131<\/p><\/div>\n<p>Nax\u00e7\u0131van b\u00f6lg\u0259sinin m\u0259tb\u0259xi sad\u0259liyi v\u0259 qidal\u0131l\u0131\u011f\u0131 il\u0259 se\u00e7ilir. Burada \u0259sas\u0259n yerli m\u0259hsullardan istifad\u0259 olunur v\u0259 yem\u0259kl\u0259r daha t\u0259bii formada haz\u0131rlan\u0131r. <span class=\"hover:entity-accent entity-underline inline cursor-pointer align-baseline\"><span class=\"whitespace-normal\">Nax\u00e7\u0131van dov\u011fas\u0131<\/span><\/span> dig\u0259r b\u00f6lg\u0259l\u0259rd\u0259n f\u0259rqli haz\u0131rlanma \u00fcsulu il\u0259 se\u00e7ilir v\u0259 g\u00fcnd\u0259lik qidalanmada m\u00fch\u00fcm yer tutur. Bundan ba\u015fqa, qurut, qat\u0131q v\u0259 dig\u0259r s\u00fcd m\u0259hsullar\u0131 bu b\u00f6lg\u0259nin m\u0259tb\u0259xind\u0259 geni\u015f istifad\u0259 edilir. Nax\u00e7\u0131van m\u0259tb\u0259xi h\u0259m d\u0259 q\u0259dim \u0259n\u0259n\u0259l\u0259rin qorunmas\u0131 il\u0259 diqq\u0259t \u00e7\u0259kir.<\/p>\n<h5>Quba b\u00f6lg\u0259si<\/h5>\n<div id=\"attachment_1276\" style=\"width: 189px\" class=\"wp-caption alignleft\"><img loading=\"lazy\" decoding=\"async\" aria-describedby=\"caption-attachment-1276\" class=\"size-medium wp-image-1276\" src=\"https:\/\/www.azculture.az\/wp-content\/uploads\/2026\/04\/Quba_xanligina_aid_qadin_geyimi-179x300.jpg\" alt=\"Quba b\u00f6lg\u0259sinin milli geyiml\u0259ri\" width=\"179\" height=\"300\" srcset=\"https:\/\/www.azculture.az\/wp-content\/uploads\/2026\/04\/Quba_xanligina_aid_qadin_geyimi-179x300.jpg 179w, https:\/\/www.azculture.az\/wp-content\/uploads\/2026\/04\/Quba_xanligina_aid_qadin_geyimi.jpg 500w\" sizes=\"auto, (max-width: 179px) 100vw, 179px\" \/><p id=\"caption-attachment-1276\" class=\"wp-caption-text\">Quba b\u00f6lg\u0259sinin milli geyiml\u0259ri<\/p><\/div>\n<p>Quba b\u00f6lg\u0259si Az\u0259rbaycan\u0131n \u015fimal hiss\u0259sind\u0259 yerl\u0259\u015fir v\u0259 burada ya\u015fayan xalqlar\u0131n m\u0259d\u0259niyy\u0259tinin t\u0259siri milli geyiml\u0259rd\u0259 d\u0259 \u00f6z\u00fcn\u00fc g\u00f6st\u0259rir.<\/p>\n<p>Quba qad\u0131n geyiml\u0259ri daha r\u0259ngar\u0259ng v\u0259 m\u00fcxt\u0259lif nax\u0131\u015flarla b\u0259z\u0259dilmi\u015f olurdu. Qad\u0131nlar k\u00f6yn\u0259k, tuman, arxal\u0131q v\u0259 k\u0259la\u011fay\u0131 geyinirdil\u0259r. \u018fl il\u0259 toxunan nax\u0131\u015fl\u0131 corablar bu b\u00f6lg\u0259nin geyim m\u0259d\u0259niyy\u0259tind\u0259 x\u00fcsusi yer tuturdu.<\/p>\n<p>Ki\u015fi geyiml\u0259rind\u0259 is\u0259 \u00e7uxa, \u015falvar, arxal\u0131q v\u0259 x\u00fcsusil\u0259 papaq geni\u015f istifad\u0259 olunurdu. Quba papaqlar\u0131 \u00f6z formas\u0131 v\u0259 haz\u0131rlanma \u00fcsulu il\u0259 dig\u0259r b\u00f6lg\u0259l\u0259rd\u0259n f\u0259rql\u0259nirdi.<\/p>\n<p>Az\u0259rbaycan\u0131n m\u00fcxt\u0259lif b\u00f6lg\u0259l\u0259rinin milli geyiml\u0259ri xalq\u0131n z\u0259ngin m\u0259d\u0259niyy\u0259tini v\u0259 tarixini \u0259ks etdir\u0259n m\u00fch\u00fcm irs n\u00fcmun\u0259l\u0259ridir. Qaraba\u011f\u0131n z\u0259ngin tikm\u0259li m\u0259xm\u0259r geyiml\u0259ri, \u015e\u0259kinin ip\u0259k \u0259sasl\u0131 z\u0259rif geyiml\u0259ri, Nax\u00e7\u0131van\u0131n sad\u0259 v\u0259 funksional geyiml\u0259ri, Quban\u0131n is\u0259 r\u0259ngar\u0259ng v\u0259 nax\u0131\u015fl\u0131 geyiml\u0259ri Az\u0259rbaycan\u0131n regional m\u0259d\u0259ni m\u00fcxt\u0259lifliyini n\u00fcmayi\u015f etdirir.<\/p>\n<div id=\"attachment_1284\" style=\"width: 310px\" class=\"wp-caption alignright\"><img loading=\"lazy\" decoding=\"async\" aria-describedby=\"caption-attachment-1284\" class=\"size-medium wp-image-1284\" src=\"https:\/\/www.azculture.az\/wp-content\/uploads\/2026\/04\/bukme-300x169.jpg\" alt=\"Quba b\u00fckm\u0259si\" width=\"300\" height=\"169\" srcset=\"https:\/\/www.azculture.az\/wp-content\/uploads\/2026\/04\/bukme-300x169.jpg 300w, https:\/\/www.azculture.az\/wp-content\/uploads\/2026\/04\/bukme-1024x576.jpg 1024w, https:\/\/www.azculture.az\/wp-content\/uploads\/2026\/04\/bukme-768x432.jpg 768w, https:\/\/www.azculture.az\/wp-content\/uploads\/2026\/04\/bukme-1536x864.jpg 1536w, https:\/\/www.azculture.az\/wp-content\/uploads\/2026\/04\/bukme-2048x1152.jpg 2048w, https:\/\/www.azculture.az\/wp-content\/uploads\/2026\/04\/bukme-810x456.jpg 810w, https:\/\/www.azculture.az\/wp-content\/uploads\/2026\/04\/bukme-1140x641.jpg 1140w\" sizes=\"auto, (max-width: 300px) 100vw, 300px\" \/><p id=\"caption-attachment-1284\" class=\"wp-caption-text\">Quba b\u00fckm\u0259si<\/p><\/div>\n<p>Quba b\u00f6lg\u0259si is\u0259 \u015fimal\u0131n da\u011fl\u0131q \u015f\u0259raitin\u0259 uy\u011fun olaraq daha \u00e7ox \u0259tli v\u0259 x\u0259mir yem\u0259kl\u0259ri il\u0259 tan\u0131n\u0131r. Bu b\u00f6lg\u0259d\u0259 haz\u0131rlanan qutab n\u00f6vl\u0259ri, sac yem\u0259kl\u0259ri v\u0259 t\u0259bii k\u0259nd m\u0259hsullar\u0131 il\u0259 bi\u015firil\u0259n x\u00f6r\u0259kl\u0259r geni\u015f yay\u0131lm\u0131\u015fd\u0131r. Yem\u0259kl\u0259r ad\u0259t\u0259n kalorili olur ki, bu da s\u0259rt iqlim \u015f\u0259raitind\u0259 ya\u015fayan insanlar \u00fc\u00e7\u00fcn vacibdir. Quba m\u0259tb\u0259xi sad\u0259 g\u00f6r\u00fcn\u00fc\u015f\u00fcn\u0259 baxmayaraq, z\u0259ngin dad x\u00fcsusiyy\u0259tl\u0259ri il\u0259 se\u00e7ilir.<\/p>\n<p>&nbsp;<\/p>\n<h5 data-start=\"0\" data-end=\"110\">L\u0259nk\u0259ran\u2013Astara\u00a0 b\u00f6lg\u0259si<\/h5>\n<div id=\"attachment_1286\" style=\"width: 310px\" class=\"wp-caption alignleft\"><img loading=\"lazy\" decoding=\"async\" aria-describedby=\"caption-attachment-1286\" class=\"size-medium wp-image-1286\" src=\"https:\/\/www.azculture.az\/wp-content\/uploads\/2026\/04\/astara-milli-geyim-300x199.jpg\" alt=\"milli geyim\" width=\"300\" height=\"199\" srcset=\"https:\/\/www.azculture.az\/wp-content\/uploads\/2026\/04\/astara-milli-geyim-300x199.jpg 300w, https:\/\/www.azculture.az\/wp-content\/uploads\/2026\/04\/astara-milli-geyim.jpg 512w\" sizes=\"auto, (max-width: 300px) 100vw, 300px\" \/><p id=\"caption-attachment-1286\" class=\"wp-caption-text\">milli geyim<\/p><\/div>\n<p data-start=\"112\" data-end=\"486\">Bu b\u00f6lg\u0259nin milli geyiml\u0259ri \u0259sas\u0259n r\u0259ngar\u0259ngliyi v\u0259 z\u0259rifliyi il\u0259 se\u00e7ilir. Qad\u0131nlar uzun, nax\u0131\u015fl\u0131 donlar, ip\u0259k yayl\u0131qlar v\u0259 q\u0131z\u0131l b\u0259z\u0259kl\u0259rd\u0259n istifad\u0259 edirdil\u0259r. Ki\u015fi geyiml\u0259rin\u0259 is\u0259 \u00e7uxa, papaq v\u0259 enli \u015falvarlar daxil idi. Subtropik iqlim\u0259 uy\u011fun olaraq geyiml\u0259rd\u0259 daha \u00e7ox y\u00fcng\u00fcl v\u0259 rahat par\u00e7alar se\u00e7ilirdi. Nax\u0131\u015flarda t\u0259bi\u0259t motivl\u0259ri \u00fcst\u00fcnl\u00fck t\u0259\u015fkil edirdi.<\/p>\n<div id=\"attachment_1287\" style=\"width: 248px\" class=\"wp-caption alignright\"><img loading=\"lazy\" decoding=\"async\" aria-describedby=\"caption-attachment-1287\" class=\"size-full wp-image-1287\" src=\"https:\/\/www.azculture.az\/wp-content\/uploads\/2026\/04\/toyuq-levengi.jpg\" alt=\"toyuq l\u0259v\u0259ngisi\" width=\"238\" height=\"211\" \/><p id=\"caption-attachment-1287\" class=\"wp-caption-text\">toyuq l\u0259v\u0259ngisi<\/p><\/div>\n<p data-start=\"488\" data-end=\"914\">L\u0259nk\u0259ran\u2013Astara m\u0259tb\u0259xi d\u00fcy\u00fc, t\u0259r\u0259v\u0259z v\u0259 bal\u0131q yem\u0259kl\u0259ri il\u0259 m\u0259\u015fhurdur. \u018fn tan\u0131nm\u0131\u015f yem\u0259kl\u0259rd\u0259n biri <span class=\"hover:entity-accent entity-underline inline cursor-pointer align-baseline\"><span class=\"whitespace-normal\">L\u0259v\u0259ngi<\/span><\/span> olub, toyuq v\u0259 ya bal\u0131\u011f\u0131n qoz-so\u011fan qar\u0131\u015f\u0131\u011f\u0131 il\u0259 doldurulmas\u0131 il\u0259 haz\u0131rlan\u0131r. Bundan \u0259lav\u0259, m\u00fcxt\u0259lif plov n\u00f6vl\u0259ri, tur\u015fulu yem\u0259kl\u0259r v\u0259 t\u0259z\u0259 g\u00f6y\u0259rtil\u0259rl\u0259 z\u0259ngin x\u00f6r\u0259kl\u0259r geni\u015f yay\u0131lm\u0131\u015fd\u0131r. B\u00f6lg\u0259 h\u0259m d\u0259 \u00e7ay\u00e7\u0131l\u0131q m\u0259d\u0259niyy\u0259ti il\u0259 tan\u0131n\u0131r v\u0259 \u00e7ay s\u00fcfr\u0259si burada x\u00fcsusi yer tutur.<\/p>\n<p>Bu geyiml\u0259rin, m\u0259tb\u0259xin \u00f6yr\u0259nilm\u0259si v\u0259 qorunmas\u0131 Az\u0259rbaycan\u0131n milli m\u0259d\u0259ni irsinin g\u0259l\u0259c\u0259k n\u0259sill\u0259r\u0259 \u00f6t\u00fcr\u00fclm\u0259si bax\u0131m\u0131ndan b\u00f6y\u00fck \u0259h\u0259miyy\u0259t da\u015f\u0131y\u0131r.<\/p>\n","protected":false},"excerpt":{"rendered":"<p>Regionlar Az\u0259rbaycan\u0131n m\u00fcxt\u0259lif b\u00f6lg\u0259l\u0259ri \u00f6z\u00fcn\u0259m\u0259xsus milli geyim \u0259n\u0259n\u0259l\u0259ri il\u0259 se\u00e7ilir. Tarix\u0259n bu geyiml\u0259r b\u00f6lg\u0259nin iqlim \u015f\u0259raiti, iqtisadi h\u0259yat\u0131, s\u0259n\u0259tkarl\u0131q \u0259n\u0259n\u0259l\u0259ri v\u0259 estetik z\u00f6vq\u00fc il\u0259 formala\u015fm\u0131\u015fd\u0131r. Qaraba\u011f, \u015e\u0259ki, Nax\u00e7\u0131van v\u0259 Quba b\u00f6lg\u0259l\u0259ri milli geyim m\u0259d\u0259niyy\u0259tinin \u0259n z\u0259ngin n\u00fcmun\u0259l\u0259rini qoruyub saxlayan \u0259razil\u0259rd\u0259n hesab olunur. Qaraba\u011f b\u00f6lg\u0259si Qaraba\u011f b\u00f6lg\u0259si Az\u0259rbaycan m\u0259d\u0259niyy\u0259tinin \u0259n z\u0259ngin m\u0259rk\u0259zl\u0259rind\u0259n biri olmu\u015fdur. Bu b\u00f6lg\u0259nin [&hellip;]<\/p>\n","protected":false},"author":1,"featured_media":0,"parent":0,"menu_order":0,"comment_status":"closed","ping_status":"closed","template":"template-no-title.php","meta":{"footnotes":""},"class_list":["post-902","page","type-page","status-publish","hentry"],"_links":{"self":[{"href":"https:\/\/www.azculture.az\/index.php\/wp-json\/wp\/v2\/pages\/902","targetHints":{"allow":["GET"]}}],"collection":[{"href":"https:\/\/www.azculture.az\/index.php\/wp-json\/wp\/v2\/pages"}],"about":[{"href":"https:\/\/www.azculture.az\/index.php\/wp-json\/wp\/v2\/types\/page"}],"author":[{"embeddable":true,"href":"https:\/\/www.azculture.az\/index.php\/wp-json\/wp\/v2\/users\/1"}],"replies":[{"embeddable":true,"href":"https:\/\/www.azculture.az\/index.php\/wp-json\/wp\/v2\/comments?post=902"}],"version-history":[{"count":36,"href":"https:\/\/www.azculture.az\/index.php\/wp-json\/wp\/v2\/pages\/902\/revisions"}],"predecessor-version":[{"id":1289,"href":"https:\/\/www.azculture.az\/index.php\/wp-json\/wp\/v2\/pages\/902\/revisions\/1289"}],"wp:attachment":[{"href":"https:\/\/www.azculture.az\/index.php\/wp-json\/wp\/v2\/media?parent=902"}],"curies":[{"name":"wp","href":"https:\/\/api.w.org\/{rel}","templated":true}]}}