{"id":995,"date":"2026-04-12T12:34:40","date_gmt":"2026-04-12T08:34:40","guid":{"rendered":"https:\/\/www.azculture.az\/?page_id=995"},"modified":"2026-04-18T12:18:09","modified_gmt":"2026-04-18T08:18:09","slug":"fine-arts","status":"publish","type":"page","link":"https:\/\/www.azculture.az\/index.php\/fine-arts\/","title":{"rendered":"T\u0259sviri inc\u0259s\u0259n\u0259t"},"content":{"rendered":"<h4>Az\u0259rbaycan t\u0259sviri inc\u0259s\u0259n\u0259tinin t\u0259kam\u00fcl\u00fc<\/h4>\n<p>Az\u0259rbaycan\u0131n t\u0259sviri inc\u0259s\u0259n\u0259t tarixi, minillikl\u0259r \u0259vv\u0259l Qobustan qayalar\u0131na h\u0259kk olunmu\u015f ilk cizgil\u0259rd\u0259n bu g\u00fcn\u00fcn m\u00fcasir art-instalyasiyalar\u0131na q\u0259d\u0259r uzanan b\u00f6y\u00fck bir yarad\u0131c\u0131l\u0131q yoludur. Bu s\u0259n\u0259t yolu xalq\u0131m\u0131z\u0131n estetik z\u00f6vq\u00fcn\u00fcn, f\u0259ls\u0259fi bax\u0131\u015flar\u0131n\u0131n v\u0259 tarixi ke\u00e7mi\u015finin vizual t\u0259c\u0259ss\u00fcm\u00fcd\u00fcr.<\/p>\n<h5>Qobustandan ba\u015flayan yol<\/h5>\n<div id=\"attachment_1007\" style=\"width: 310px\" class=\"wp-caption alignleft\"><img loading=\"lazy\" decoding=\"async\" aria-describedby=\"caption-attachment-1007\" class=\"size-medium wp-image-1007\" src=\"https:\/\/www.azculture.az\/wp-content\/uploads\/2026\/04\/qobustan-300x180.jpg\" alt=\"Qobustan qaya\u00fcst\u00fc r\u0259sml\u0259ri\" width=\"300\" height=\"180\" srcset=\"https:\/\/www.azculture.az\/wp-content\/uploads\/2026\/04\/qobustan-300x180.jpg 300w, https:\/\/www.azculture.az\/wp-content\/uploads\/2026\/04\/qobustan-768x460.jpg 768w, https:\/\/www.azculture.az\/wp-content\/uploads\/2026\/04\/qobustan-810x485.jpg 810w, https:\/\/www.azculture.az\/wp-content\/uploads\/2026\/04\/qobustan.jpg 850w\" sizes=\"auto, (max-width: 300px) 100vw, 300px\" \/><p id=\"caption-attachment-1007\" class=\"wp-caption-text\">Qobustan qaya\u00fcst\u00fc r\u0259sml\u0259ri<\/p><\/div>\n<p>Az\u0259rbaycan t\u0259sviri s\u0259n\u0259tinin k\u00f6kl\u0259ri b\u0259\u015f\u0259riyy\u0259tin ilkin inki\u015faf m\u0259rh\u0259l\u0259l\u0259rin\u0259 \u2014 mezolit d\u00f6vr\u00fcn\u0259 gedib \u00e7\u0131x\u0131r. Bu q\u0259dim d\u00f6vr\u00fcn \u0259n qiym\u0259tli n\u00fcmun\u0259l\u0259rind\u0259n biri Qobustan qaya\u00fcst\u00fc r\u0259sml\u0259ri hesab olunur. Bu r\u0259sml\u0259r t\u0259kc\u0259 ov s\u0259hn\u0259l\u0259rini, g\u00fcnd\u0259lik h\u0259yat epizodlar\u0131n\u0131 v\u0259 kollektiv r\u0259qsl\u0259ri \u0259ks etdirmir, eyni zamanda ibtidai insan\u0131n d\u00fcnyan\u0131 qavrama, d\u00fc\u015f\u00fcnm\u0259 v\u0259 ifad\u0259 etm\u0259 t\u0259rzini \u00f6z\u00fcnd\u0259 ehtiva edir.<\/p>\n<p>Qobustan t\u0259svirl\u0259ri sad\u0259 cizgil\u0259rd\u0259n ibar\u0259t olsa da, onlar\u0131n arxas\u0131nda d\u0259rin m\u0259na v\u0259 m\u00fc\u015fahid\u0259 qabiliyy\u0259ti dayan\u0131r. Bu r\u0259sml\u0259r vasit\u0259sil\u0259 insan\u0131n t\u0259bi\u0259tl\u0259 m\u00fcnasib\u0259ti, kollektiv h\u0259yat t\u0259rzi v\u0259 ilkin estetik z\u00f6vq formalar\u0131 ayd\u0131n \u015f\u0259kild\u0259 g\u00f6r\u00fcn\u00fcr. M\u0259hz bu bax\u0131mdan Qobustan qaya\u00fcst\u00fc t\u0259svirl\u0259ri Az\u0259rbaycan t\u0259sviri s\u0259n\u0259tinin ba\u015flan\u011f\u0131c m\u0259rh\u0259l\u0259si, onun \u201cilk \u0259lifbas\u0131\u201d kimi qiym\u0259tl\u0259ndirilir.<\/p>\n<p>Bu ilkin s\u0259n\u0259t n\u00fcmun\u0259l\u0259ri sonrak\u0131 d\u00f6vrl\u0259rd\u0259 formala\u015fan r\u0259ssaml\u0131q \u0259n\u0259n\u0259l\u0259rinin b\u00fcn\u00f6vr\u0259sini t\u0259\u015fkil etmi\u015f, xalq\u0131n vizual d\u00fc\u015f\u00fcnc\u0259 t\u0259rzinin inki\u015faf\u0131na m\u00fch\u00fcm t\u0259sir g\u00f6st\u0259rmi\u015fdir. Bel\u0259likl\u0259, Qobustan yaln\u0131z arxeoloji abid\u0259 deyil, h\u0259m d\u0259 Az\u0259rbaycan t\u0259sviri s\u0259n\u0259tinin ba\u015flan\u011f\u0131c n\u00f6qt\u0259si kimi x\u00fcsusi \u0259h\u0259miyy\u0259t da\u015f\u0131y\u0131r.<\/p>\n<h5>Miniat\u00fcr: \u015f\u0259rq inc\u0259liyi<\/h5>\n<div id=\"attachment_1009\" style=\"width: 200px\" class=\"wp-caption alignright\"><img loading=\"lazy\" decoding=\"async\" aria-describedby=\"caption-attachment-1009\" class=\"size-medium wp-image-1009\" src=\"https:\/\/www.azculture.az\/wp-content\/uploads\/2026\/04\/Sultan_Muhammad_1-190x300.jpg\" alt=\"\u015e\u0259rab\u0131n alleqoriyas\u0131, Hafizin &quot;Divan&quot;\u0131na \u00e7\u0259kilmi\u015f miniat\u00fcr, 1525-ci il\" width=\"190\" height=\"300\" srcset=\"https:\/\/www.azculture.az\/wp-content\/uploads\/2026\/04\/Sultan_Muhammad_1-190x300.jpg 190w, https:\/\/www.azculture.az\/wp-content\/uploads\/2026\/04\/Sultan_Muhammad_1-647x1024.jpg 647w, https:\/\/www.azculture.az\/wp-content\/uploads\/2026\/04\/Sultan_Muhammad_1-768x1216.jpg 768w, https:\/\/www.azculture.az\/wp-content\/uploads\/2026\/04\/Sultan_Muhammad_1-970x1536.jpg 970w, https:\/\/www.azculture.az\/wp-content\/uploads\/2026\/04\/Sultan_Muhammad_1-810x1282.jpg 810w, https:\/\/www.azculture.az\/wp-content\/uploads\/2026\/04\/Sultan_Muhammad_1-1140x1804.jpg 1140w, https:\/\/www.azculture.az\/wp-content\/uploads\/2026\/04\/Sultan_Muhammad_1.jpg 1213w\" sizes=\"auto, (max-width: 190px) 100vw, 190px\" \/><p id=\"caption-attachment-1009\" class=\"wp-caption-text\">\u015e\u0259rab\u0131n alleqoriyas\u0131, Hafizin &#8220;Divan&#8221;\u0131na \u00e7\u0259kilmi\u015f miniat\u00fcr, 1525-ci il<\/p><\/div>\n<p>Orta \u0259srl\u0259rd\u0259 Az\u0259rbaycan t\u0259sviri s\u0259n\u0259ti \u00f6z inki\u015faf\u0131n\u0131n \u0259n z\u0259rif v\u0259 parlaq m\u0259rh\u0259l\u0259l\u0259rind\u0259n birini ya\u015fam\u0131\u015fd\u0131r. Bu d\u00f6vrd\u0259 x\u00fcsusil\u0259 T\u0259briz miniat\u00fcr m\u0259kt\u0259bi \u015e\u0259rq d\u00fcnyas\u0131n\u0131n apar\u0131c\u0131 s\u0259n\u0259t m\u0259rk\u0259zl\u0259rind\u0259n birin\u0259 \u00e7evrilmi\u015fdir. T\u0259briz \u015f\u0259h\u0259ri yaln\u0131z siyasi v\u0259 iqtisadi bax\u0131mdan deyil, h\u0259m d\u0259 m\u0259d\u0259ni v\u0259 b\u0259dii h\u0259yat\u0131n m\u0259rk\u0259zi kimi tan\u0131n\u0131rd\u0131.<\/p>\n<p>Bu m\u0259kt\u0259bin \u0259n g\u00f6rk\u0259mli n\u00fcmay\u0259nd\u0259l\u0259rind\u0259n biri olan Sultan M\u0259h\u0259mm\u0259d \u00f6z inc\u0259 v\u0259 y\u00fcks\u0259k pe\u015f\u0259karl\u0131qla i\u015fl\u0259nmi\u015f \u0259s\u0259rl\u0259ri il\u0259 miniat\u00fcr s\u0259n\u0259tini zirv\u0259y\u0259 qald\u0131rm\u0131\u015fd\u0131r. Onun v\u0259 dig\u0259r ustadlar\u0131n yaratd\u0131\u011f\u0131 miniat\u00fcrl\u0259r, x\u00fcsusil\u0259 Nizami G\u0259nc\u0259vinin m\u0259\u015fhur X\u0259ms\u0259 \u0259s\u0259rin\u0259 \u00e7\u0259kilmi\u015f ill\u00fcstrasiyalar, \u0259d\u0259bi m\u0259tnl\u0259ri vizual \u015fedevrl\u0259r\u0259 \u00e7evirmi\u015fdir.<\/p>\n<p>T\u0259briz miniat\u00fcrl\u0259ri klassik Avropa r\u0259ssaml\u0131\u011f\u0131ndan f\u0259rqli olaraq perspektiv qanunlar\u0131na \u0259saslanm\u0131rd\u0131. Lakin bu s\u0259n\u0259t n\u00fcmun\u0259l\u0259ri r\u0259ngl\u0259rin harmoniyas\u0131, kompozisiyan\u0131n inc\u0259liyi v\u0259 detallara veril\u0259n sonsuz diqq\u0259t il\u0259 se\u00e7ilirdi. H\u0259r bir miniat\u00fcr sanki ayr\u0131ca bir kainatd\u0131r \u2014 burada hadis\u0259l\u0259r, obrazlar v\u0259 ornamentl\u0259r vahid ritm v\u0259 estetik ah\u0259ng i\u00e7ind\u0259 t\u0259qdim olunur.<\/p>\n<p>Bu d\u00f6vr\u00fcn miniat\u00fcr s\u0259n\u0259ti yaln\u0131z b\u0259dii yarad\u0131c\u0131l\u0131q n\u00fcmun\u0259si deyil, h\u0259m d\u0259 d\u00f6vr\u00fcn f\u0259ls\u0259fi d\u00fc\u015f\u00fcnc\u0259sini, estetik bax\u0131\u015flar\u0131n\u0131 v\u0259 m\u0259d\u0259ni d\u0259y\u0259rl\u0259rini \u0259ks etdir\u0259n qiym\u0259tli irsdir. T\u0259briz miniat\u00fcr m\u0259kt\u0259bi Az\u0259rbaycan t\u0259sviri s\u0259n\u0259tinin inki\u015faf\u0131nda m\u00fch\u00fcm m\u0259rh\u0259l\u0259 olmaqla yana\u015f\u0131, \u00fcmumilikd\u0259 \u015e\u0259rq inc\u0259s\u0259n\u0259tinin formala\u015fmas\u0131na b\u00f6y\u00fck t\u0259sir g\u00f6st\u0259rmi\u015fdir.<\/p>\n<h5>Realizm\u0259 do\u011fru add\u0131mlar<\/h5>\n<div id=\"attachment_1003\" style=\"width: 221px\" class=\"wp-caption alignleft\"><img loading=\"lazy\" decoding=\"async\" aria-describedby=\"caption-attachment-1003\" class=\"size-medium wp-image-1003\" src=\"https:\/\/www.azculture.az\/wp-content\/uploads\/2026\/04\/Portrait_of_sitting_woman_by_Irevani-211x300.jpg\" alt=\"Az\u0259rbaycan r\u0259ssam\u0131 Mirz\u0259 Q\u0259dim \u0130r\u0259vaninin \u00e7\u0259kdiyi r\u0259sm. R\u0259sm XIX \u0259srin 70-ci ill\u0259rin\u0259 aiddir v\u0259 Bak\u0131da, Az\u0259rbaycan Milli \u0130nc\u0259s\u0259n\u0259t Muzeyind\u0259 saxlan\u0131l\u0131r.\" width=\"211\" height=\"300\" srcset=\"https:\/\/www.azculture.az\/wp-content\/uploads\/2026\/04\/Portrait_of_sitting_woman_by_Irevani-211x300.jpg 211w, https:\/\/www.azculture.az\/wp-content\/uploads\/2026\/04\/Portrait_of_sitting_woman_by_Irevani.jpg 367w\" sizes=\"auto, (max-width: 211px) 100vw, 211px\" \/><p id=\"caption-attachment-1003\" class=\"wp-caption-text\">Az\u0259rbaycan r\u0259ssam\u0131 Mirz\u0259 Q\u0259dim \u0130r\u0259vaninin \u00e7\u0259kdiyi r\u0259sm. R\u0259sm XIX \u0259srin 70-ci ill\u0259rin\u0259 aiddir v\u0259 Bak\u0131da, Az\u0259rbaycan Milli \u0130nc\u0259s\u0259n\u0259t Muzeyind\u0259 saxlan\u0131l\u0131r.<\/p><\/div>\n<p>XIX \u0259sr Az\u0259rbaycan r\u0259ssaml\u0131\u011f\u0131nda yeni bir d\u00f6n\u0259m a\u00e7d\u0131. Mirz\u0259 Q\u0259dim \u0130r\u0259vaninin yarad\u0131c\u0131l\u0131\u011f\u0131 il\u0259 professional r\u0259ngkarl\u0131q formala\u015fma\u011fa ba\u015flad\u0131. O, \u0259n\u0259n\u0259vi dekorativliyi qoruyub saxlamaqla yana\u015f\u0131, portret janr\u0131nda realizm elementl\u0259rini s\u0259n\u0259timiz\u0259 g\u0259tirdi. Bu ke\u00e7id, Az\u0259rbaycan r\u0259ssaml\u0131\u011f\u0131n\u0131 Avropa v\u0259 rus r\u0259ssaml\u0131q m\u0259kt\u0259bl\u0259ri il\u0259 tan\u0131\u015fl\u0131\u011fa haz\u0131rlad\u0131.<\/p>\n<p>XIX \u0259sr Az\u0259rbaycan t\u0259sviri inc\u0259s\u0259n\u0259tind\u0259 sad\u0259c\u0259 bir zaman k\u0259siyi deyil, b\u00fct\u00f6v bir t\u0259f\u0259kk\u00fcr inqilab\u0131d\u0131r. \u018fsrl\u0259rl\u0259 hakim olan \u015f\u0259rti, m\u00fcst\u0259vi formal\u0131 v\u0259 simvolik miniat\u00fcr \u0259n\u0259n\u0259l\u0259ri bu d\u00f6vrd\u0259 \u00f6z yerini h\u0259yat\u0131n real \u0259ksin\u0259 \u2014 realizm\u0259 verm\u0259y\u0259 ba\u015flad\u0131. Bu b\u00f6y\u00fck ke\u00e7idin memar\u0131 v\u0259 Az\u0259rbaycan professional r\u0259ngkarl\u0131\u011f\u0131n\u0131n banisi is\u0259 Mirz\u0259 Q\u0259dim \u0130r\u0259vani idi.<\/p>\n<p>\u0130r\u0259vani s\u0259n\u0259ti iki f\u0259rqli d\u00fcnyan\u0131n \u2014 \u015e\u0259rqin dekorativ z\u0259nginliyi il\u0259 Q\u0259rbin realist t\u0259svir metodunun k\u0259si\u015fm\u0259 n\u00f6qt\u0259sidir. O, k\u0259tan \u00fcz\u0259rind\u0259 a\u015fa\u011f\u0131dak\u0131 yenilikl\u0259ri realla\u015fd\u0131raraq Az\u0259rbaycan r\u0259ssaml\u0131\u011f\u0131n\u0131n simas\u0131n\u0131 d\u0259yi\u015fdi:<\/p>\n<p>\u0130r\u0259vani \u0259n\u0259n\u0259vi Az\u0259rbaycan ornamentl\u0259rini (buta, n\u0259bati nax\u0131\u015flar) r\u0259smin arxa fonunda el\u0259 bir ustal\u0131qla saxlay\u0131rd\u0131 ki, bu, \u0259s\u0259rin milli ruhunu itirm\u0259d\u0259n m\u00fcasir g\u00f6r\u00fcnm\u0259sini t\u0259min edirdi.<\/p>\n<h5>XX \u0259srin r\u0259ngl\u0259r d\u00fcnyas\u0131<\/h5>\n<div id=\"attachment_1011\" style=\"width: 310px\" class=\"wp-caption alignright\"><img loading=\"lazy\" decoding=\"async\" aria-describedby=\"caption-attachment-1011\" class=\"size-medium wp-image-1011\" src=\"https:\/\/www.azculture.az\/wp-content\/uploads\/2026\/04\/Mugam_resm-300x258.jpg\" alt=\"&quot;Mu\u011fam&quot;, b\u0259z\u0259n Mu\u011fam \u00fc\u00e7l\u00fcy\u00fc \u2014 az\u0259rbaycanl\u0131 r\u0259ssam To\u011frul N\u0259rimanb\u0259yovun 1965-ci ild\u0259 \u00e7\u0259kdiyi r\u0259sm \u0259s\u0259ri\" width=\"300\" height=\"258\" srcset=\"https:\/\/www.azculture.az\/wp-content\/uploads\/2026\/04\/Mugam_resm-300x258.jpg 300w, https:\/\/www.azculture.az\/wp-content\/uploads\/2026\/04\/Mugam_resm.jpg 700w\" sizes=\"auto, (max-width: 300px) 100vw, 300px\" \/><p id=\"caption-attachment-1011\" class=\"wp-caption-text\">&#8220;Mu\u011fam&#8221;, b\u0259z\u0259n Mu\u011fam \u00fc\u00e7l\u00fcy\u00fc \u2014 az\u0259rbaycanl\u0131 r\u0259ssam To\u011frul N\u0259rimanb\u0259yovun 1965-ci ild\u0259 \u00e7\u0259kdiyi r\u0259sm \u0259s\u0259ri<\/p><\/div>\n<p>XX \u0259sr Az\u0259rbaycan r\u0259ngkarl\u0131\u011f\u0131 milli t\u0259sviri s\u0259n\u0259tin inki\u015faf\u0131nda \u0259sl intibah d\u00f6vr\u00fc kimi qiym\u0259tl\u0259ndirilir. Bu m\u0259rh\u0259l\u0259d\u0259 Az\u0259rbaycan r\u0259ssamlar\u0131 h\u0259m milli \u0259n\u0259n\u0259l\u0259r\u0259 sadiq qalaraq, h\u0259m d\u0259 d\u00fcnya inc\u0259s\u0259n\u0259tind\u0259 ba\u015f ver\u0259n yenilikl\u0259ri m\u0259nims\u0259y\u0259r\u0259k \u00f6z\u00fcn\u0259m\u0259xsus yarad\u0131c\u0131l\u0131q istiqam\u0259tl\u0259ri formala\u015fd\u0131rm\u0131\u015flar.<\/p>\n<p>Bu d\u00f6vr\u00fcn \u0259n parlaq simalar\u0131ndan biri S\u0259ttar B\u0259hlulzad\u0259 olmu\u015fdur. O, Az\u0259rbaycan t\u0259bi\u0259tini yaln\u0131z t\u0259svir etm\u0259kl\u0259 kifay\u0259tl\u0259nm\u0259mi\u015f, onu poetik v\u0259 emosional bir al\u0259m\u0259 \u00e7evir\u0259r\u0259k \u00f6z\u00fcn\u0259m\u0259xsus r\u0259ngkarl\u0131q dili yaratm\u0131\u015fd\u0131r. Onun \u0259s\u0259rl\u0259rind\u0259 r\u0259ngl\u0259r harmonik \u015f\u0259kild\u0259 bir-biri il\u0259 s\u0259sl\u0259\u015fir v\u0259 sanki musiqi ritmi kimi ax\u0131c\u0131l\u0131q qazan\u0131r. Bu bax\u0131mdan onun yarad\u0131c\u0131l\u0131\u011f\u0131 impressionist \u00fcslubun milli ruhla v\u0259hd\u0259tini \u0259ks etdirir.<\/p>\n<p>Az\u0259rbaycan t\u0259sviri s\u0259n\u0259tind\u0259 m\u00fch\u00fcm yer tutan dig\u0259r s\u0259n\u0259tkar is\u0259 Tahir Salahovdur. O, \u201cs\u0259rt \u00fcslub\u201dun \u0259sas n\u00fcmay\u0259nd\u0259l\u0259rind\u0259n biri kimi tan\u0131n\u0131r. Onun \u0259s\u0259rl\u0259rind\u0259 insan xarakterinin g\u00fcc\u00fc, \u0259m\u0259k m\u00f6vzusu v\u0259 daxili g\u0259rginlik x\u00fcsusi ifad\u0259 vasit\u0259l\u0259ri il\u0259 t\u0259qdim olunur. Tahir Salahovun yarad\u0131c\u0131l\u0131\u011f\u0131 realizm v\u0259 emosional ifad\u0259liliyin v\u0259hd\u0259ti il\u0259 se\u00e7ilir.<\/p>\n<p>XX \u0259srin g\u00f6rk\u0259mli r\u0259ssamlar\u0131ndan biri olan To\u011frul N\u0259rimanb\u0259yov is\u0259 milli ornamentl\u0259ri v\u0259 folklor motivl\u0259rini m\u00fcasir inc\u0259s\u0259n\u0259t \u00fcslubu il\u0259 sintez ed\u0259r\u0259k f\u0259rqli b\u0259dii d\u00fcnya yaratm\u0131\u015fd\u0131r. Onun \u0259s\u0259rl\u0259rind\u0259 r\u0259ngl\u0259rin ekspressivliyi v\u0259 kompozisiyan\u0131n dinamikas\u0131 diqq\u0259ti c\u0259lb edir.<\/p>\n<h5>M\u00fcasir d\u00f6vr v\u0259 g\u0259l\u0259c\u0259y\u0259 bax\u0131\u015f<\/h5>\n<div id=\"attachment_1012\" style=\"width: 285px\" class=\"wp-caption alignleft\"><img loading=\"lazy\" decoding=\"async\" aria-describedby=\"caption-attachment-1012\" class=\"size-full wp-image-1012\" src=\"https:\/\/www.azculture.az\/wp-content\/uploads\/2026\/04\/mim.jpg\" alt=\"M\u00fcasir \u0130nc\u0259s\u0259n\u0259t Muzeyi\" width=\"275\" height=\"183\" \/><p id=\"caption-attachment-1012\" class=\"wp-caption-text\">M\u00fcasir \u0130nc\u0259s\u0259n\u0259t Muzeyi<\/p><\/div>\n<p>Bu g\u00fcn Az\u0259rbaycan\u0131n t\u0259sviri s\u0259n\u0259ti klassik \u00e7\u0259r\u00e7iv\u0259l\u0259ri a\u015faraq d\u00fcnya s\u0259n\u0259t m\u0259kan\u0131na inteqrasiya edir. M\u00fcasir r\u0259ssamlar\u0131m\u0131z video-art, instalyasiya v\u0259 abstrakt formalardan istifad\u0259 ed\u0259r\u0259k qlobal m\u00f6vzulara toxunurlar. Bak\u0131dak\u0131 M\u00fcasir \u0130nc\u0259s\u0259n\u0259t Muzeyi v\u0259 m\u00fcxt\u0259lif qalereyalar bu s\u0259n\u0259tin n\u0259 q\u0259d\u0259r canl\u0131 v\u0259 d\u0259yi\u015fk\u0259n oldu\u011funun \u0259n yax\u015f\u0131 s\u00fcbutudur.<\/p>\n<p>Az\u0259rbaycan t\u0259sviri inc\u0259s\u0259n\u0259ti sad\u0259c\u0259 bir g\u00f6r\u00fcnt\u00fc deyil, o, ruhun r\u0259ngl\u0259rl\u0259 dan\u0131\u015f\u0131\u011f\u0131d\u0131r.<\/p>\n","protected":false},"excerpt":{"rendered":"<p>Az\u0259rbaycan t\u0259sviri inc\u0259s\u0259n\u0259tinin t\u0259kam\u00fcl\u00fc Az\u0259rbaycan\u0131n t\u0259sviri inc\u0259s\u0259n\u0259t tarixi, minillikl\u0259r \u0259vv\u0259l Qobustan qayalar\u0131na h\u0259kk olunmu\u015f ilk cizgil\u0259rd\u0259n bu g\u00fcn\u00fcn m\u00fcasir art-instalyasiyalar\u0131na q\u0259d\u0259r uzanan b\u00f6y\u00fck bir yarad\u0131c\u0131l\u0131q yoludur. Bu s\u0259n\u0259t yolu xalq\u0131m\u0131z\u0131n estetik z\u00f6vq\u00fcn\u00fcn, f\u0259ls\u0259fi bax\u0131\u015flar\u0131n\u0131n v\u0259 tarixi ke\u00e7mi\u015finin vizual t\u0259c\u0259ss\u00fcm\u00fcd\u00fcr. Qobustandan ba\u015flayan yol Az\u0259rbaycan t\u0259sviri s\u0259n\u0259tinin k\u00f6kl\u0259ri b\u0259\u015f\u0259riyy\u0259tin ilkin inki\u015faf m\u0259rh\u0259l\u0259l\u0259rin\u0259 \u2014 mezolit d\u00f6vr\u00fcn\u0259 gedib \u00e7\u0131x\u0131r. [&hellip;]<\/p>\n","protected":false},"author":1,"featured_media":0,"parent":0,"menu_order":0,"comment_status":"closed","ping_status":"closed","template":"template-no-title.php","meta":{"footnotes":""},"class_list":["post-995","page","type-page","status-publish","hentry"],"_links":{"self":[{"href":"https:\/\/www.azculture.az\/index.php\/wp-json\/wp\/v2\/pages\/995","targetHints":{"allow":["GET"]}}],"collection":[{"href":"https:\/\/www.azculture.az\/index.php\/wp-json\/wp\/v2\/pages"}],"about":[{"href":"https:\/\/www.azculture.az\/index.php\/wp-json\/wp\/v2\/types\/page"}],"author":[{"embeddable":true,"href":"https:\/\/www.azculture.az\/index.php\/wp-json\/wp\/v2\/users\/1"}],"replies":[{"embeddable":true,"href":"https:\/\/www.azculture.az\/index.php\/wp-json\/wp\/v2\/comments?post=995"}],"version-history":[{"count":13,"href":"https:\/\/www.azculture.az\/index.php\/wp-json\/wp\/v2\/pages\/995\/revisions"}],"predecessor-version":[{"id":1056,"href":"https:\/\/www.azculture.az\/index.php\/wp-json\/wp\/v2\/pages\/995\/revisions\/1056"}],"wp:attachment":[{"href":"https:\/\/www.azculture.az\/index.php\/wp-json\/wp\/v2\/media?parent=995"}],"curies":[{"name":"wp","href":"https:\/\/api.w.org\/{rel}","templated":true}]}}